{"id":4203,"date":"2025-02-18T14:51:40","date_gmt":"2025-02-18T14:51:40","guid":{"rendered":"https:\/\/ppgeco.unb.br\/?page_id=4203"},"modified":"2025-03-13T12:16:55","modified_gmt":"2025-03-13T12:16:55","slug":"ementas-1-2025","status":"publish","type":"page","link":"https:\/\/ppgeco.unb.br\/en\/ementas-1-2025\/","title":{"rendered":"Ementas 1\/2025"},"content":{"rendered":"<div class=\"vc_row wpb_row vc_row-fluid themesflat_1777268012\"><div class=\"row_overlay\" style=\"\"><\/div><div class=\"wpb_column vc_column_container vc_col-sm-12\"><div class=\"vc_column-inner\"><div class=\"wpb_wrapper\"><div class=\"title-section   left\">\r\n\t\t\r\n\t\t<h2 class=\"title\" style=\"\t\t\tfont-size: 36px;\t\t\tfont-weight: 700;\t\t\tline-height: 36px;\t\t\tcolor: #111111;\t\t\tmargin-bottom: 2px;\t\t\tletter-spacing: 0px;\t\t\">\r\n\t\t\tEmentas 1\/2025\r\n\t\t<\/h2>\t\r\n\t\t\t\t\t\r\n\t\t\r\n\t\t\t<div class=\"title-content\" style=\"\t\t\tfont-size: 15px;\t\t\tline-height: 26px;\t\t\tcolor: #999999;\t\t\tfont-weight: 400;\t\t\tletter-spacing: 0px;\t\t\">\r\n\t\t\t\t<p>Macro Analysis I \u2013 Professor Roberto Ellery<\/p>\n<p>An\u00e1lise Micro I &#8211; Professor Gil Riella<\/p>\n<p><a href=\"http:\/\/ppgeco.unb.br\/wp-content\/uploads\/2025\/02\/Ementa.pdf\" target=\"_blank\" rel=\"noopener\">An\u00e1lise Insumo-Produto &#8211; Professora Milene Takasago<\/a><\/p>\n<p><a href=\"http:\/\/ppgeco.unb.br\/wp-content\/uploads\/2025\/02\/econ2.pdf\" target=\"_blank\" rel=\"noopener\">Econometria 2 &#8211; Professor Victor Gomes\u00a0<\/a><\/p>\n<p><a href=\"http:\/\/ppgeco.unb.br\/wp-content\/uploads\/2025\/02\/Programa-Economia-Brasileira-2025.pdf\" target=\"_blank\" rel=\"noopener\">Brazilian Economy \u2013 Professor Bernardo Mueller<\/a><\/p>\n<p>Economics of Geographical Space and Environment \u2013 Professor Jorge Nogueira<\/p>\n<p><a href=\"http:\/\/ppgeco.unb.br\/wp-content\/uploads\/2025\/02\/plano_ESP2_LEHMANN-1.pdf\" target=\"_blank\" rel=\"noopener\">Public Sector Economics 2 \u2013 Professor Michael Christian<\/a><\/p>\n<p><a href=\"http:\/\/ppgeco.unb.br\/wp-content\/uploads\/2025\/02\/Programa-Economia-Politica-Pos-Graduacao-01-2025.pdf\" target=\"_blank\" rel=\"noopener\">Political Economy \u2013 Professor Maria de Lourdes<\/a><\/p>\n<p><a href=\"http:\/\/ppgeco.unb.br\/wp-content\/uploads\/2025\/02\/Programa-EPA-2025-1-Andrei-Cechin.pdf\" target=\"_blank\" rel=\"noopener\">Economics of Environmental Policy \u2013 Professor Andrei Cechin<\/a><\/p>\n<p>Economics of Crime and Violence \u2013 Professor Paulo Loureiro<\/p>\n<p><a href=\"http:\/\/ppgeco.unb.br\/wp-content\/uploads\/2025\/02\/Programa-Historia-Economica-Geral-2025.1.pdf\" target=\"_blank\" rel=\"noopener\">General Economic History \u2013 Professor Daniela Freddo<\/a><\/p>\n<p><a href=\"http:\/\/ppgeco.unb.br\/wp-content\/uploads\/2025\/02\/Programa-do-curso-de-Macroeconomia-I.pdf\" target=\"_blank\" rel=\"noopener\">Macroeconomia I &#8211; Professor Jos\u00e9\u00a0 Luis da Costa Oreiro<\/a><\/p>\n<p>Mathematical Methods and Social Sciences \u2013 Professor Leandro Nascimento<\/p>\n<p><a href=\"http:\/\/ppgeco.unb.br\/wp-content\/uploads\/2025\/02\/planodeensino2025.pdf\" target=\"_blank\" rel=\"noopener\">Numerical Methods and Computational Models in Economics \u2013 Professor Daniel Cajueiro<\/a><\/p>\n<p><a href=\"http:\/\/ppgeco.unb.br\/wp-content\/uploads\/2025\/02\/Metodos-Estocasticos-em-Economia-e-Financas-2025.pdf\" target=\"_blank\" rel=\"noopener\">M\u00e9todos Estoc\u00e1sticos em Economia e Finan\u00e7as &#8211; Professor Rodrigo Pe\u00f1aloza\u00a0<\/a><\/p>\n<p><a href=\"http:\/\/ppgeco.unb.br\/wp-content\/uploads\/2025\/02\/Programa_de_Ensino___Metodologia_da_Economia.pdf\" target=\"_blank\" rel=\"noopener\">Metodologia Econ\u00f4mica &#8211; Professora Andrea Cabello\u00a0<\/a><\/p>\n<p><a href=\"http:\/\/ppgeco.unb.br\/wp-content\/uploads\/2025\/02\/Microeconometria___Syllabus.pdf\" target=\"_blank\" rel=\"noopener\">Microeconometria Aplicada &#8211; Professora Ana Carolina Zoghbi\u00a0<\/a><\/p>\n<p><a href=\"http:\/\/ppgeco.unb.br\/wp-content\/uploads\/2025\/03\/2025-1-Bugarin-Seminario-de-Politica-Economica-1-Plano-de-Ensino.pdf\" target=\"_blank\" rel=\"noopener\">Semin\u00e1rios de Economia Pol\u00edtica &#8211; Professor Maur\u00edcio Bugarin\u00a0<\/a><\/p>\n<p><a href=\"http:\/\/ppgeco.unb.br\/wp-content\/uploads\/2025\/02\/2025-I-BugarinJogosLeiloesPos.pdf\" target=\"_blank\" rel=\"noopener\">Game Theory \u2013 Professor Mauricio Bugarin<\/a><\/p>\n<p><a href=\"http:\/\/ppgeco.unb.br\/wp-content\/uploads\/2025\/02\/Programa-do-curso-de-Teorias-do-Crescimento-e-Distribuicao.pdf\" target=\"_blank\" rel=\"noopener\">Teoria do Crescimento e Distribui\u00e7\u00e3o &#8211; Professor Jos\u00e9 Luis da Costa Oreiro\u00a0<\/a><\/p>\n\r\n\t\t\t<\/div>\r\n\r\n\t<\/div><\/div><\/div><\/div><\/div>","protected":false},"excerpt":{"rendered":"Ementas 1\/2025 An\u00e1lise Macro I - Professor Roberto Ellery An\u00e1lise Micro I - Professor Gil Riella An\u00e1lise Insumo-Produto - Professora Milene Takasago Econometria 2 - Professor Victor Gomes\u00a0 Economia Brasileira - Professor Bernardo Mueller Economia do Espa\u00e7o Geogr\u00e1fico e Meio Ambiente - Professor Jorge Nogueira Economia do Setor P\u00fablico 2 - Professor Michael Christian Economia Pol\u00edtica - [...]","protected":false},"author":1,"featured_media":0,"parent":0,"menu_order":0,"comment_status":"closed","ping_status":"closed","template":"tpl\/page_fullwidth.php","meta":{"footnotes":""},"class_list":["post-4203","page","type-page","status-publish","hentry"],"_links":{"self":[{"href":"https:\/\/ppgeco.unb.br\/en\/wp-json\/wp\/v2\/pages\/4203","targetHints":{"allow":["GET"]}}],"collection":[{"href":"https:\/\/ppgeco.unb.br\/en\/wp-json\/wp\/v2\/pages"}],"about":[{"href":"https:\/\/ppgeco.unb.br\/en\/wp-json\/wp\/v2\/types\/page"}],"author":[{"embeddable":true,"href":"https:\/\/ppgeco.unb.br\/en\/wp-json\/wp\/v2\/users\/1"}],"replies":[{"embeddable":true,"href":"https:\/\/ppgeco.unb.br\/en\/wp-json\/wp\/v2\/comments?post=4203"}],"version-history":[{"count":4,"href":"https:\/\/ppgeco.unb.br\/en\/wp-json\/wp\/v2\/pages\/4203\/revisions"}],"predecessor-version":[{"id":4243,"href":"https:\/\/ppgeco.unb.br\/en\/wp-json\/wp\/v2\/pages\/4203\/revisions\/4243"}],"wp:attachment":[{"href":"https:\/\/ppgeco.unb.br\/en\/wp-json\/wp\/v2\/media?parent=4203"}],"curies":[{"name":"wp","href":"https:\/\/api.w.org\/{rel}","templated":true}]}}