{"id":4123,"date":"2024-10-01T13:16:06","date_gmt":"2024-10-01T13:16:06","guid":{"rendered":"https:\/\/ppgeco.unb.br\/?page_id=4123"},"modified":"2024-10-01T13:31:34","modified_gmt":"2024-10-01T13:31:34","slug":"ementas-202-2","status":"publish","type":"page","link":"https:\/\/ppgeco.unb.br\/en\/ementas-202-2\/","title":{"rendered":"Summary 2\/2024"},"content":{"rendered":"<div class=\"vc_row wpb_row vc_row-fluid themesflat_1777272565\"><div class=\"row_overlay\" style=\"\"><\/div><div class=\"wpb_column vc_column_container vc_col-sm-12\"><div class=\"vc_column-inner\"><div class=\"wpb_wrapper\"><div class=\"title-section   left\">\r\n\t\t\r\n\t\t<h2 class=\"title\" style=\"\t\t\tfont-size: 36px;\t\t\tfont-weight: 700;\t\t\tline-height: 36px;\t\t\tcolor: #111111;\t\t\tmargin-bottom: 2px;\t\t\tletter-spacing: 0px;\t\t\">\r\n\t\t\tMenus 2\/2023\r\n\t\t<\/h2>\t\r\n\t\t\t\t\t\r\n\t\t\r\n\t\t\t<div class=\"title-content\" style=\"\t\t\tfont-size: 15px;\t\t\tline-height: 26px;\t\t\tcolor: #999999;\t\t\tfont-weight: 400;\t\t\tletter-spacing: 0px;\t\t\">\r\n\t\t\t\t<p>Macroeconomic Analysis 2 \u2013 Professor Roberto Ellery<\/p>\n<p><a href=\"http:\/\/ppgeco.unb.br\/wp-content\/uploads\/2024\/10\/ProgramaMicro2Pos_2_2024.pdf\">Microeconomic Analysis 2 \u2013 Professor Jos\u00e9 Guilherme<\/a><\/p>\n<p><a href=\"http:\/\/ppgeco.unb.br\/wp-content\/uploads\/2024\/10\/ProgramaTeoriaDaDecisao02092024-1.pdf\">An\u00e1lise Microecon\u00f4mica 3 (Teoria da Decis\u00e3o) &#8211; Professor Gil Riella<\/a><\/p>\n<p>Econometria I &#8211; Professor Daniel Cajueiro e Marcelo Torres<\/p>\n<p>Econometria do Setor P\u00fablico &#8211; Professor Rafael Terra<\/p>\n<p><a href=\"http:\/\/ppgeco.unb.br\/wp-content\/uploads\/2024\/10\/Teoria-dos-Incentivos-Programa-2024.pdf\">Information Economics and Incentives \u2013 Professor Rodrigo Pe\u00f1aloza<\/a><\/p>\n<p><a href=\"http:\/\/ppgeco.unb.br\/wp-content\/uploads\/2024\/10\/ESP-pos-acad-Conteudo-Programatico-2o-Sem-2024.pdf\">Public Sector Economics \u2013 Professor Vander Mendes Lucas<\/a><\/p>\n<p>Economia dos Recursos Naturais &#8211; Professor Jorge Arbache<\/p>\n<p><a href=\"http:\/\/ppgeco.unb.br\/wp-content\/uploads\/2024\/10\/Economia-e-Democracia-Programa-da-Disciplina-20231.pdf\">Economia e Democracia &#8211; Professora Geovana Lorena<\/a><\/p>\n<p><a href=\"http:\/\/ppgeco.unb.br\/wp-content\/uploads\/2024\/10\/ementa-DE.pdf\">Desenvolvimento Econ\u00f4mico &#8211; Professor Ricardo Ara\u00fajo<\/a><\/p>\n<p>Hist\u00f3ria do Pensamento Econ\u00f4mico &#8211; Professora Daniela Freddo<\/p>\n<p>Macroeconomia Ambiental &#8211; Professor Jorge Madeira Nogueira<\/p>\n<p><a href=\"http:\/\/ppgeco.unb.br\/wp-content\/uploads\/2024\/10\/Programa-da-disciplina-2024-pos-graduacao.pdf\">Macroeconomia do Desenvolvimento &#8211; Professor Oreiro<\/a><\/p>\n<p><a href=\"http:\/\/ppgeco.unb.br\/wp-content\/uploads\/2024\/10\/Ementa-e-programa-2022.pdf\">Macroeconomia P\u00f3s-Keynesiana &#8211; Professor Oreiro<\/a><\/p>\n<p>Microeconomia 1 &#8211; Professora Andrea Cabello<\/p>\n<p><a href=\"http:\/\/ppgeco.unb.br\/wp-content\/uploads\/2024\/10\/Programa-MicroEconometria-Aplicada.pdf\">Applied Microeconometrics \u2013 Professor Paulo Loureiro<\/a><\/p>\n<p><a href=\"http:\/\/ppgeco.unb.br\/wp-content\/uploads\/2024\/10\/orgindustrial.pdf\">Industrial Organization \u2013 Professor Victor Gomes<\/a><\/p>\n<p>T\u00f3picos Especiais em Economia Monet\u00e1ria &#8211; Professora Adriana Amado<\/p>\n<p>&nbsp;<\/p>\n<p>&nbsp;<\/p>\n\r\n\t\t\t<\/div>\r\n\r\n\t<\/div><\/div><\/div><\/div><\/div>","protected":false},"excerpt":{"rendered":"Syllabus 2\/2023 Macroeconomic Analysis 2 - Professor Roberto Ellery Microeconomic Analysis 2 - Professor Jos\u00e9 Guilherme Microeconomic Analysis 3 (Decision Theory) - Professor Gil Riella Econometrics I - Professor Daniel Cajueiro and Marcelo Torres Public Sector Econometrics - Professor Rafael Terra Information and Incentive Economics - Professor Rodrigo Pe\u00f1aloza Public Sector Economics - [...]","protected":false},"author":1,"featured_media":0,"parent":0,"menu_order":0,"comment_status":"closed","ping_status":"closed","template":"tpl\/page_fullwidth.php","meta":{"footnotes":""},"class_list":["post-4123","page","type-page","status-publish","hentry"],"_links":{"self":[{"href":"https:\/\/ppgeco.unb.br\/en\/wp-json\/wp\/v2\/pages\/4123","targetHints":{"allow":["GET"]}}],"collection":[{"href":"https:\/\/ppgeco.unb.br\/en\/wp-json\/wp\/v2\/pages"}],"about":[{"href":"https:\/\/ppgeco.unb.br\/en\/wp-json\/wp\/v2\/types\/page"}],"author":[{"embeddable":true,"href":"https:\/\/ppgeco.unb.br\/en\/wp-json\/wp\/v2\/users\/1"}],"replies":[{"embeddable":true,"href":"https:\/\/ppgeco.unb.br\/en\/wp-json\/wp\/v2\/comments?post=4123"}],"version-history":[{"count":4,"href":"https:\/\/ppgeco.unb.br\/en\/wp-json\/wp\/v2\/pages\/4123\/revisions"}],"predecessor-version":[{"id":4138,"href":"https:\/\/ppgeco.unb.br\/en\/wp-json\/wp\/v2\/pages\/4123\/revisions\/4138"}],"wp:attachment":[{"href":"https:\/\/ppgeco.unb.br\/en\/wp-json\/wp\/v2\/media?parent=4123"}],"curies":[{"name":"wp","href":"https:\/\/api.w.org\/{rel}","templated":true}]}}