{"id":3331,"date":"2022-06-07T14:30:57","date_gmt":"2022-06-07T14:30:57","guid":{"rendered":"https:\/\/ppgeco.unb.br\/?page_id=3331"},"modified":"2022-06-07T14:30:57","modified_gmt":"2022-06-07T14:30:57","slug":"ementas-2-2017","status":"publish","type":"page","link":"https:\/\/ppgeco.unb.br\/en\/ementas-2-2017\/","title":{"rendered":"Curriculum Outline 2\/2017"},"content":{"rendered":"<div class=\"vc_row wpb_row vc_row-fluid themesflat_1777272563\"><div class=\"row_overlay\" style=\"\"><\/div><div class=\"wpb_column vc_column_container vc_col-sm-12\"><div class=\"vc_column-inner\"><div class=\"wpb_wrapper\"><div class=\"title-section   left\">\r\n\t\t\r\n\t\t<h2 class=\"title\" style=\"\t\t\tfont-size: 36px;\t\t\tfont-weight: 700;\t\t\tline-height: 36px;\t\t\tcolor: #111111;\t\t\tmargin-bottom: 2px;\t\t\tletter-spacing: 0px;\t\t\">\r\n\t\t\tCurriculum Outline 2\/2017\r\n\t\t<\/h2>\t\r\n\t\t\t\t\t\r\n\t\t\r\n\t\t\t<div class=\"title-content\" style=\"\t\t\tfont-size: 15px;\t\t\tline-height: 26px;\t\t\tcolor: #999999;\t\t\tfont-weight: 400;\t\t\tletter-spacing: 0px;\t\t\">\r\n\t\t\t\t<p><a href=\"http:\/\/ppgeco.unb.br\/wp-content\/uploads\/2022\/06\/EMENTA-DESENVOLVIMENTO-ECONMICO-E-SOCIAL-Segundo-Semestre-de-2017.pdf\">Economic and Social Development \u2013 Joanilio Rodolpho Teixeira<\/a><\/p>\n<p><a href=\"http:\/\/ppgeco.unb.br\/wp-content\/uploads\/2022\/06\/Mtodos-Estocsticos-em-Economia-e-Finanas.pdf\">Stochastic Methods in Economics and Finance<\/a><\/p>\n<p><a href=\"http:\/\/ppgeco.unb.br\/wp-content\/uploads\/2022\/06\/Tpicos-especiais-em-Macroeconomia.pdf\">Special Topics in Macroeconomics \u2013 Nelson Barbosa<\/a><\/p>\n\r\n\t\t\t<\/div>\r\n\r\n\t<\/div><\/div><\/div><\/div><\/div>","protected":false},"excerpt":{"rendered":"Ementas 2\/2017 Desenvolvimento Econ\u00f4mico e Social - Joanilio Rodolpho Teixeira M\u00e9todos Estoc\u00e1sticos em Economia e Finan\u00e7as T\u00f3picos especiais em Macroeconomia - Nelson Barbosa","protected":false},"author":1,"featured_media":0,"parent":0,"menu_order":0,"comment_status":"closed","ping_status":"closed","template":"tpl\/page_fullwidth.php","meta":{"footnotes":""},"class_list":["post-3331","page","type-page","status-publish","hentry"],"_links":{"self":[{"href":"https:\/\/ppgeco.unb.br\/en\/wp-json\/wp\/v2\/pages\/3331","targetHints":{"allow":["GET"]}}],"collection":[{"href":"https:\/\/ppgeco.unb.br\/en\/wp-json\/wp\/v2\/pages"}],"about":[{"href":"https:\/\/ppgeco.unb.br\/en\/wp-json\/wp\/v2\/types\/page"}],"author":[{"embeddable":true,"href":"https:\/\/ppgeco.unb.br\/en\/wp-json\/wp\/v2\/users\/1"}],"replies":[{"embeddable":true,"href":"https:\/\/ppgeco.unb.br\/en\/wp-json\/wp\/v2\/comments?post=3331"}],"version-history":[{"count":2,"href":"https:\/\/ppgeco.unb.br\/en\/wp-json\/wp\/v2\/pages\/3331\/revisions"}],"predecessor-version":[{"id":3337,"href":"https:\/\/ppgeco.unb.br\/en\/wp-json\/wp\/v2\/pages\/3331\/revisions\/3337"}],"wp:attachment":[{"href":"https:\/\/ppgeco.unb.br\/en\/wp-json\/wp\/v2\/media?parent=3331"}],"curies":[{"name":"wp","href":"https:\/\/api.w.org\/{rel}","templated":true}]}}