{"id":3262,"date":"2022-06-07T14:02:38","date_gmt":"2022-06-07T14:02:38","guid":{"rendered":"https:\/\/ppgeco.unb.br\/?page_id=3262"},"modified":"2022-06-07T14:45:27","modified_gmt":"2022-06-07T14:45:27","slug":"ementas-1-2020","status":"publish","type":"page","link":"https:\/\/ppgeco.unb.br\/en\/ementas-1-2020\/","title":{"rendered":"Curriculum Outline 1\/2020"},"content":{"rendered":"<div class=\"vc_row wpb_row vc_row-fluid themesflat_1777274907\"><div class=\"row_overlay\" style=\"\"><\/div><div class=\"wpb_column vc_column_container vc_col-sm-12\"><div class=\"vc_column-inner\"><div class=\"wpb_wrapper\"><div class=\"title-section   left\">\r\n\t\t\r\n\t\t<h2 class=\"title\" style=\"\t\t\tfont-size: 36px;\t\t\tfont-weight: 700;\t\t\tline-height: 36px;\t\t\tcolor: #111111;\t\t\tmargin-bottom: 2px;\t\t\tletter-spacing: 0px;\t\t\">\r\n\t\t\tCurriculum Outline 1\/2020\r\n\t\t<\/h2>\t\r\n\t\t\t\t\t\r\n\t\t\r\n\t\t\t<div class=\"title-content\" style=\"\t\t\tfont-size: 15px;\t\t\tline-height: 26px;\t\t\tcolor: #999999;\t\t\tfont-weight: 400;\t\t\tletter-spacing: 0px;\t\t\">\r\n\t\t\t\t<p><a href=\"http:\/\/ppgeco.unb.br\/wp-content\/uploads\/2022\/06\/PlanodeEnsino_AnaliseEconomica_2020-2.pdf\">Economic Analysis (Summer) Prof. Jos\u00e9 Guilherme <\/a><\/p>\n<p><a href=\"http:\/\/ppgeco.unb.br\/wp-content\/uploads\/2022\/06\/UnB_2020-01_Micro_1_-_Plano_de_Ensino_Ps-Covidpdf_Mazali-2.pdf\">Microeconomic Analysis I \u2013 Prof. Rog\u00e9rio Mazali (updated 8\/10\/2020)<\/a><\/p>\n<p><a href=\"http:\/\/ppgeco.unb.br\/wp-content\/uploads\/2022\/06\/Econometria_2-2.pdf\">Econometrics 2 \u2013 Prof. Victor Gomes <\/a><\/p>\n<p><a href=\"http:\/\/ppgeco.unb.br\/wp-content\/uploads\/2022\/06\/Programa_Economia_Brasileira_2020.pdf\">Brazilian Economy \u2013 Prof. Bernardo Mueller<\/a><\/p>\n<p><a href=\"http:\/\/ppgeco.unb.br\/wp-content\/uploads\/2022\/06\/Economia_da_Educao.pdf\">Economics of Education \u2013 Prof. Rafael Terra <\/a><\/p>\n<p><a href=\"http:\/\/ppgeco.unb.br\/wp-content\/uploads\/2022\/06\/ECOPOL_-_Programa_Economia_Poltica_Ps-Graduao_1-2020_2.pdf\">Political Economy \u2013 Prof. Maria de Lourdes Rollemberg (Updated 7\/29\/2020)<\/a><\/p>\n<p><a href=\"http:\/\/ppgeco.unb.br\/wp-content\/uploads\/2022\/06\/Mtodos_Numericos_e_Modelos_Computacionais-2.pdf\">Numerical Methods and Computational Models \u2013 Prof. Daniel Cajueiro <\/a><\/p>\n<p><a href=\"http:\/\/ppgeco.unb.br\/wp-content\/uploads\/2022\/06\/Programa_de_Ensino_Microeconomia_Economia_Politica_1_2020_1.pdf\">Microeconomics I - Professor Andrea Cabello (Updated on 08\/06\/2020)<\/a><\/p>\n<p><a href=\"http:\/\/ppgeco.unb.br\/wp-content\/uploads\/2022\/06\/Plano_de_Aulas_Economia_da_Poltica_Ambiental_2020-3.pdf\">Economics of Environmental Policy \u2013 Prof. Jorge Nogueira (Updated 7\/29\/2020)<\/a><\/p>\n<p><a href=\"http:\/\/ppgeco.unb.br\/wp-content\/uploads\/2022\/06\/Microeconomia_Bancria_-_Pealoza.pdf\">Banking Microeconomics \u2013 Prof. Rodrigo Penaloza<\/a><\/p>\n<p><a href=\"http:\/\/ppgeco.unb.br\/wp-content\/uploads\/2022\/06\/Mcroeconometria_Aplicada.pdf\">Applied Microeconometrics \u2013 Prof. Paulo Loureiro<\/a><\/p>\n<p><a href=\"http:\/\/ppgeco.unb.br\/wp-content\/uploads\/2022\/06\/ementa_topicos_macropdf_Marina.pdf\">Special Topics in Macroeconomics \u2013 Profa. Marina Delmondes (Updated 7\/29\/2020) <\/a><\/p>\n\r\n\t\t\t<\/div>\r\n\r\n\t<\/div><\/div><\/div><\/div><\/div>","protected":false},"excerpt":{"rendered":"Ementas 1\/2020 An\u00e1lise Econ\u00f4mica (Ver\u00e3o) Prof. Jos\u00e9 Guilherme An\u00e1lise Microecon\u00f4mica I - Prof. Rog\u00e9rio Mazali (atualizado em 10\/08\/2020) Econometria 2 - Prof. Victor Gomes Economia Brasileira - Prof. Bernardo Mueller Economia da Educa\u00e7\u00e3o - Prof. Rafael Terra Economia Pol\u00edtica - Profa. Maria de Lourdes Rollemberg ( Atualizado em 29\/07\/2020) M\u00e9todos N\u00famericos e Modelos Computacionais - Prof. Daniel [...]","protected":false},"author":1,"featured_media":0,"parent":0,"menu_order":0,"comment_status":"closed","ping_status":"closed","template":"tpl\/page_fullwidth.php","meta":{"footnotes":""},"class_list":["post-3262","page","type-page","status-publish","hentry"],"_links":{"self":[{"href":"https:\/\/ppgeco.unb.br\/en\/wp-json\/wp\/v2\/pages\/3262","targetHints":{"allow":["GET"]}}],"collection":[{"href":"https:\/\/ppgeco.unb.br\/en\/wp-json\/wp\/v2\/pages"}],"about":[{"href":"https:\/\/ppgeco.unb.br\/en\/wp-json\/wp\/v2\/types\/page"}],"author":[{"embeddable":true,"href":"https:\/\/ppgeco.unb.br\/en\/wp-json\/wp\/v2\/users\/1"}],"replies":[{"embeddable":true,"href":"https:\/\/ppgeco.unb.br\/en\/wp-json\/wp\/v2\/comments?post=3262"}],"version-history":[{"count":5,"href":"https:\/\/ppgeco.unb.br\/en\/wp-json\/wp\/v2\/pages\/3262\/revisions"}],"predecessor-version":[{"id":3352,"href":"https:\/\/ppgeco.unb.br\/en\/wp-json\/wp\/v2\/pages\/3262\/revisions\/3352"}],"wp:attachment":[{"href":"https:\/\/ppgeco.unb.br\/en\/wp-json\/wp\/v2\/media?parent=3262"}],"curies":[{"name":"wp","href":"https:\/\/api.w.org\/{rel}","templated":true}]}}