{"id":2556,"date":"2021-12-09T12:58:55","date_gmt":"2021-12-09T12:58:55","guid":{"rendered":"https:\/\/ppgeco.unb.br\/?page_id=2556"},"modified":"2025-08-21T13:09:34","modified_gmt":"2025-08-21T13:09:34","slug":"solicitacoes-de-matricula-alunos-especiais-e-lista-de-oferta","status":"publish","type":"page","link":"https:\/\/ppgeco.unb.br\/en\/aluno-especial\/solicitacoes-de-matricula-alunos-especiais-e-lista-de-oferta\/","title":{"rendered":"Enrollment Requests for Special Students and Offer List"},"content":{"rendered":"<div class=\"vc_row wpb_row vc_row-fluid themesflat_1777693417\"><div class=\"row_overlay\" style=\"\"><\/div><div class=\"wpb_column vc_column_container vc_col-sm-12\"><div class=\"vc_column-inner\"><div class=\"wpb_wrapper\"><div class=\"title-section   left\">\r\n\t\t\r\n\t\t<h2 class=\"title\" style=\"\t\t\tfont-size: 36px;\t\t\tfont-weight: 700;\t\t\tline-height: 36px;\t\t\tcolor: #111111;\t\t\tmargin-bottom: 2px;\t\t\tletter-spacing: 0px;\t\t\">\r\n\t\t\tEnrollment Requests for Special Students and Offer List\r\n\t\t<\/h2>\t\r\n\t\t\t\t\t\r\n\t\t\r\n\r\n\t<\/div><\/div><\/div><\/div><\/div><div class=\"vc_row wpb_row vc_row-fluid themesflat_1777693417\"><div class=\"row_overlay\" style=\"\"><\/div><div class=\"wpb_column vc_column_container vc_col-sm-12\"><div class=\"vc_column-inner\"><div class=\"wpb_wrapper\"><div class=\"title-section   left\">\r\n\t\t\r\n\t\t\t<div class=\"top-title\">\r\n\t\t\t\tSegundo Semestre 2025\/2\r\n\t\t\t<\/div>\r\n\t\t<h2 class=\"title\" style=\"\t\t\tfont-size: 36px;\t\t\tfont-weight: 700;\t\t\tline-height: 36px;\t\t\tcolor: #111111;\t\t\tmargin-bottom: 2px;\t\t\tletter-spacing: 0px;\t\t\">\r\n\t\t\t\r\n\t\t<\/h2>\t\r\n\t\t\t\t\t\r\n\t\t\r\n\r\n\t<\/div><div class=\"vc_btn3-container vc_btn3-inline vc_custom_1752761474379\" ><a class=\"vc_general vc_btn3 vc_btn3-size-md vc_btn3-shape-rounded vc_btn3-style-modern vc_btn3-color-grey\" href=\"http:\/\/ppgeco.unb.br\/wp-content\/uploads\/2025\/07\/SEI_12887931_Edital_1.pdf\" title=\"www.ppgeco.unb.br\" target=\"_blank\" rel=\"nofollow\">Edital 2025\/2<\/a><\/div><div class=\"vc_btn3-container vc_btn3-inline vc_custom_1753441555798\" ><a class=\"vc_general vc_btn3 vc_btn3-size-md vc_btn3-shape-rounded vc_btn3-style-modern vc_btn3-color-grey\" href=\"http:\/\/ppgeco.unb.br\/wp-content\/uploads\/2025\/07\/Copia-de-lista-de-oferta-2-2025.pdf\" title=\"www.ppgeco.unb.br\" target=\"_blank\">Course List<\/a><\/div><div class=\"vc_btn3-container vc_btn3-inline vc_custom_1755550962777\" ><a class=\"vc_general vc_btn3 vc_btn3-size-md vc_btn3-shape-rounded vc_btn3-style-modern vc_btn3-color-grey\" href=\"http:\/\/ppgeco.unb.br\/wp-content\/uploads\/2025\/08\/SEI_13013354_Despacho.pdf\" title=\"\" target=\"_blank\" rel=\"nofollow\">Resultado das solicita\u00e7\u00f5es (18\/08)<\/a><\/div><div class=\"vc_btn3-container vc_btn3-inline vc_custom_1755781770889\" ><a class=\"vc_general vc_btn3 vc_btn3-size-md vc_btn3-shape-rounded vc_btn3-style-modern vc_btn3-color-grey\" href=\"http:\/\/ppgeco.unb.br\/wp-content\/uploads\/2025\/08\/SEI_13026783_Despacho.pdf\" title=\"\" target=\"_blank\">Final result<\/a><\/div><\/div><\/div><\/div><\/div><div class=\"vc_row wpb_row vc_row-fluid themesflat_1777693417\"><div class=\"row_overlay\" style=\"\"><\/div><div class=\"wpb_column vc_column_container vc_col-sm-12\"><div class=\"vc_column-inner\"><div class=\"wpb_wrapper\"><div class=\"title-section   left\">\r\n\t\t\r\n\t\t\t<div class=\"top-title\">\r\n\t\t\t\tPrimeiro Semestre 2025\/1\r\n\t\t\t<\/div>\r\n\t\t<h2 class=\"title\" style=\"\t\t\tfont-size: 36px;\t\t\tfont-weight: 700;\t\t\tline-height: 36px;\t\t\tcolor: #111111;\t\t\tmargin-bottom: 2px;\t\t\tletter-spacing: 0px;\t\t\">\r\n\t\t\t\r\n\t\t<\/h2>\t\r\n\t\t\t\t\t\r\n\t\t\r\n\r\n\t<\/div><div class=\"vc_btn3-container vc_btn3-inline vc_custom_1739798918554\" ><a class=\"vc_general vc_btn3 vc_btn3-size-md vc_btn3-shape-rounded vc_btn3-style-modern vc_btn3-color-grey\" href=\"http:\/\/ppgeco.unb.br\/wp-content\/uploads\/2025\/02\/Cronograma-aluno-especial-2025-1-1.pdf\" title=\"www.ppgeco.unb.br\" target=\"_blank\" rel=\"nofollow\">Timeline<\/a><\/div><div class=\"vc_btn3-container vc_btn3-inline vc_custom_1739798767416\" ><a class=\"vc_general vc_btn3 vc_btn3-size-md vc_btn3-shape-rounded vc_btn3-style-modern vc_btn3-color-grey\" href=\"http:\/\/ppgeco.unb.br\/wp-content\/uploads\/2025\/02\/lista-de-oferta-2025-3.pdf\" title=\"www.ppgeco.unb.br\" target=\"_blank\">Course List<\/a><\/div><div class=\"vc_btn3-container vc_btn3-inline vc_custom_1742475240842\" ><a class=\"vc_general vc_btn3 vc_btn3-size-md vc_btn3-shape-rounded vc_btn3-style-modern vc_btn3-color-grey\" href=\"http:\/\/ppgeco.unb.br\/wp-content\/uploads\/2025\/03\/SEI_12544731_Despacho-1-1.pdf\" title=\"\" target=\"_blank\" rel=\"nofollow\">Resultado das solicita\u00e7\u00f5es (19\/03)<\/a><\/div><div class=\"vc_btn3-container vc_btn3-inline vc_custom_1742838154365\" ><a class=\"vc_general vc_btn3 vc_btn3-size-md vc_btn3-shape-rounded vc_btn3-style-modern vc_btn3-color-grey\" href=\"http:\/\/ppgeco.unb.br\/wp-content\/uploads\/2025\/03\/SEI_12551470_Despacho.pdf\" title=\"\" target=\"_blank\">Resultado Final (24\/03)<\/a><\/div><\/div><\/div><\/div><\/div><div class=\"vc_row wpb_row vc_row-fluid themesflat_1777693417\"><div class=\"row_overlay\" style=\"\"><\/div><div class=\"wpb_column vc_column_container vc_col-sm-12\"><div class=\"vc_column-inner\"><div class=\"wpb_wrapper\"><div class=\"title-section   left\">\r\n\t\t\r\n\t\t\t<div class=\"top-title\">\r\n\t\t\t\tSegundo Semestre 2024\/2\r\n\t\t\t<\/div>\r\n\t\t<h2 class=\"title\" style=\"\t\t\tfont-size: 36px;\t\t\tfont-weight: 700;\t\t\tline-height: 36px;\t\t\tcolor: #111111;\t\t\tmargin-bottom: 2px;\t\t\tletter-spacing: 0px;\t\t\">\r\n\t\t\t\r\n\t\t<\/h2>\t\r\n\t\t\t\t\t\r\n\t\t\r\n\r\n\t<\/div><div class=\"vc_btn3-container vc_btn3-inline vc_custom_1725411809177\" ><a class=\"vc_general vc_btn3 vc_btn3-size-md vc_btn3-shape-rounded vc_btn3-style-modern vc_btn3-color-grey\" href=\"http:\/\/ppgeco.unb.br\/wp-content\/uploads\/2024\/09\/Cronograma-aluno-especial-2024-2-1.pdf\" title=\"www.ppgeco.unb.br\" target=\"_blank\" rel=\"nofollow\">Timeline<\/a><\/div><div class=\"vc_btn3-container vc_btn3-inline vc_custom_1727696813943\" ><a class=\"vc_general vc_btn3 vc_btn3-size-md vc_btn3-shape-rounded vc_btn3-style-modern vc_btn3-color-grey\" href=\"http:\/\/ppgeco.unb.br\/wp-content\/uploads\/2024\/09\/Lista-de-oferta-2.2024-3-1.pdf\" title=\"www.ppgeco.unb.br\" target=\"_blank\">Course List<\/a><\/div><div class=\"vc_btn3-container vc_btn3-inline vc_custom_1728304350069\" ><a class=\"vc_general vc_btn3 vc_btn3-size-md vc_btn3-shape-rounded vc_btn3-style-modern vc_btn3-color-grey\" href=\"http:\/\/ppgeco.unb.br\/wp-content\/uploads\/2024\/10\/SEI_11809174_Despacho-1.pdf\" title=\"\" target=\"_blank\" rel=\"nofollow\">Resultado das solicita\u00e7\u00f5es (04\/10\/2024)<\/a><\/div><div class=\"vc_btn3-container vc_btn3-inline vc_custom_1728916730259\" ><a class=\"vc_general vc_btn3 vc_btn3-size-md vc_btn3-shape-rounded vc_btn3-style-modern vc_btn3-color-grey\" href=\"http:\/\/ppgeco.unb.br\/wp-content\/uploads\/2024\/10\/SEI_11846713_Despacho.pdf\" title=\"\" target=\"_blank\">Resultado Final (14\/10\/2024)<\/a><\/div><\/div><\/div><\/div><\/div><div class=\"vc_row wpb_row vc_row-fluid themesflat_1777693417\"><div class=\"row_overlay\" style=\"\"><\/div><div class=\"wpb_column vc_column_container vc_col-sm-12\"><div class=\"vc_column-inner\"><div class=\"wpb_wrapper\"><div class=\"title-section   left\">\r\n\t\t\r\n\t\t\t<div class=\"top-title\">\r\n\t\t\t\tPrimeiro Semestre 2024\/1\r\n\t\t\t<\/div>\r\n\t\t<h2 class=\"title\" style=\"\t\t\tfont-size: 36px;\t\t\tfont-weight: 700;\t\t\tline-height: 36px;\t\t\tcolor: #111111;\t\t\tmargin-bottom: 2px;\t\t\tletter-spacing: 0px;\t\t\">\r\n\t\t\t\r\n\t\t<\/h2>\t\r\n\t\t\t\t\t\r\n\t\t\r\n\r\n\t<\/div><div class=\"vc_btn3-container vc_btn3-inline vc_custom_1705668383073\" ><a class=\"vc_general vc_btn3 vc_btn3-size-md vc_btn3-shape-rounded vc_btn3-style-modern vc_btn3-color-grey\" href=\"http:\/\/ppgeco.unb.br\/wp-content\/uploads\/2024\/01\/Cronograma-aluno-especial-2024-1.pdf\" title=\"www.ppgeco.unb.br\" target=\"_blank\">Timeline<\/a><\/div><div class=\"vc_btn3-container vc_btn3-inline vc_custom_1706710882000\" ><a class=\"vc_general vc_btn3 vc_btn3-size-md vc_btn3-shape-rounded vc_btn3-style-modern vc_btn3-color-grey\" href=\"http:\/\/ppgeco.unb.br\/wp-content\/uploads\/2024\/01\/Lista-de-oferta-1.2024-atualizada-em-18-01-ESPECIAIS.pdf\" title=\"www.ppgeco.unb.br\" target=\"_blank\">Course List<\/a><\/div><div class=\"vc_btn3-container vc_btn3-inline vc_custom_1710166161485\" ><a class=\"vc_general vc_btn3 vc_btn3-size-md vc_btn3-shape-rounded vc_btn3-style-modern vc_btn3-color-grey\" href=\"http:\/\/ppgeco.unb.br\/wp-content\/uploads\/2024\/03\/Resultado-alunos-especiais.pdf\" title=\"\" target=\"_blank\" rel=\"nofollow\">Resultado das solicita\u00e7\u00f5es (11\/03\/2024)<\/a><\/div><div class=\"vc_btn3-container vc_btn3-inline vc_custom_1710439935783\" ><a class=\"vc_general vc_btn3 vc_btn3-size-md vc_btn3-shape-rounded vc_btn3-style-modern vc_btn3-color-grey\" href=\"http:\/\/ppgeco.unb.br\/wp-content\/uploads\/2024\/03\/SEI_11042695_Despacho.pdf\" title=\"\" target=\"_blank\">Resultado Final (14\/03\/24)<\/a><\/div><\/div><\/div><\/div><\/div><div class=\"vc_row wpb_row vc_row-fluid themesflat_1777693417\"><div class=\"row_overlay\" style=\"\"><\/div><div class=\"wpb_column vc_column_container vc_col-sm-12\"><div class=\"vc_column-inner\"><div class=\"wpb_wrapper\"><div class=\"title-section   left\">\r\n\t\t\r\n\t\t\t<div class=\"top-title\">\r\n\t\t\t\tFirst Semester 2023\/2\r\n\t\t\t<\/div>\r\n\t\t<h2 class=\"title\" style=\"\t\t\tfont-size: 36px;\t\t\tfont-weight: 700;\t\t\tline-height: 36px;\t\t\tcolor: #111111;\t\t\tmargin-bottom: 2px;\t\t\tletter-spacing: 0px;\t\t\">\r\n\t\t\t\r\n\t\t<\/h2>\t\r\n\t\t\t\t\t\r\n\t\t\r\n\r\n\t<\/div><div class=\"vc_btn3-container vc_btn3-inline vc_custom_1690199345791\" ><a class=\"vc_general vc_btn3 vc_btn3-size-md vc_btn3-shape-rounded vc_btn3-style-modern vc_btn3-color-grey\" href=\"http:\/\/ppgeco.unb.br\/wp-content\/uploads\/2023\/07\/Cronograma-aluno-especial-2023-2.pdf\" title=\"www.ppgeco.unb.br\" target=\"_blank\">Timeline<\/a><\/div><div class=\"vc_btn3-container vc_btn3-inline vc_custom_1690199170326\" ><a class=\"vc_general vc_btn3 vc_btn3-size-md vc_btn3-shape-rounded vc_btn3-style-modern vc_btn3-color-grey\" href=\"http:\/\/ppgeco.unb.br\/wp-content\/uploads\/2023\/07\/LISTA_DE_OFERTA_2-2023-3-1.pdf\" title=\"www.ppgeco.unb.br\" target=\"_blank\">Course List<\/a><\/div><div class=\"vc_btn3-container vc_btn3-inline vc_custom_1692382791941\" ><a class=\"vc_general vc_btn3 vc_btn3-size-md vc_btn3-shape-rounded vc_btn3-style-modern vc_btn3-color-grey\" href=\"http:\/\/ppgeco.unb.br\/wp-content\/uploads\/2023\/08\/Resultado-Alunos-especiais-1.pdf\" title=\"\" target=\"_blank\" rel=\"nofollow\">Result of requests (08\/18\/23)<\/a><\/div><div class=\"vc_btn3-container vc_btn3-inline vc_custom_1692996489468\" ><a class=\"vc_general vc_btn3 vc_btn3-size-md vc_btn3-shape-rounded vc_btn3-style-modern vc_btn3-color-grey\" href=\"http:\/\/ppgeco.unb.br\/wp-content\/uploads\/2023\/08\/SEI_10203678_Despacho.pdf\" title=\"\" target=\"_blank\">Final Result (08\/25\/2023)<\/a><\/div><\/div><\/div><\/div><\/div><div class=\"vc_row wpb_row vc_row-fluid themesflat_1777693417\"><div class=\"row_overlay\" style=\"\"><\/div><div class=\"wpb_column vc_column_container vc_col-sm-12\"><div class=\"vc_column-inner\"><div class=\"wpb_wrapper\"><div class=\"title-section   left\">\r\n\t\t\r\n\t\t\t<div class=\"top-title\">\r\n\t\t\t\tFirst Semester 2023\/1\r\n\t\t\t<\/div>\r\n\t\t<h2 class=\"title\" style=\"\t\t\tfont-size: 36px;\t\t\tfont-weight: 700;\t\t\tline-height: 36px;\t\t\tcolor: #111111;\t\t\tmargin-bottom: 2px;\t\t\tletter-spacing: 0px;\t\t\">\r\n\t\t\t\r\n\t\t<\/h2>\t\r\n\t\t\t\t\t\r\n\t\t\r\n\r\n\t<\/div><div class=\"vc_btn3-container vc_btn3-inline vc_custom_1678456236570\" ><a class=\"vc_general vc_btn3 vc_btn3-size-md vc_btn3-shape-rounded vc_btn3-style-modern vc_btn3-color-grey\" href=\"http:\/\/ppgeco.unb.br\/wp-content\/uploads\/2023\/03\/Cronograma-aluno-especial-2023-1-1.pdf\" title=\"www.ppgeco.unb.br\" target=\"_blank\">Timeline<\/a><\/div><div class=\"vc_btn3-container vc_btn3-inline vc_custom_1679658530849\" ><a class=\"vc_general vc_btn3 vc_btn3-size-md vc_btn3-shape-rounded vc_btn3-style-modern vc_btn3-color-grey\" href=\"http:\/\/ppgeco.unb.br\/wp-content\/uploads\/2023\/03\/2023-1-atualizada-alunos-especiais.pdf\" title=\"www.ppgeco.unb.br\" target=\"_blank\">Course List<\/a><\/div><div class=\"vc_btn3-container vc_btn3-inline vc_custom_1681130015394\" ><a class=\"vc_general vc_btn3 vc_btn3-size-md vc_btn3-shape-rounded vc_btn3-style-modern vc_btn3-color-grey\" href=\"http:\/\/ppgeco.unb.br\/wp-content\/uploads\/2023\/04\/Resultado-Alunos-especiais-1-1.pdf\" title=\"\" target=\"_blank\" rel=\"nofollow\">Result of requests (04\/06\/2023)<\/a><\/div><div class=\"vc_btn3-container vc_btn3-inline vc_custom_1681301982108\" ><a class=\"vc_general vc_btn3 vc_btn3-size-md vc_btn3-shape-rounded vc_btn3-style-modern vc_btn3-color-grey\" href=\"http:\/\/ppgeco.unb.br\/wp-content\/uploads\/2023\/04\/Resultado-Final-alunos-especiais.pdf\" title=\"\" target=\"_blank\">Final Result (04\/12\/2023)<\/a><\/div><\/div><\/div><\/div><\/div><div class=\"vc_row wpb_row vc_row-fluid themesflat_1777693417\"><div class=\"row_overlay\" style=\"\"><\/div><div class=\"wpb_column vc_column_container vc_col-sm-12\"><div class=\"vc_column-inner\"><div class=\"wpb_wrapper\"><div class=\"title-section   left\">\r\n\t\t\r\n\t\t\t<div class=\"top-title\">\r\n\t\t\t\tSecond Semester 2022\/2\r\n\t\t\t<\/div>\r\n\t\t<h2 class=\"title\" style=\"\t\t\tfont-size: 36px;\t\t\tfont-weight: 700;\t\t\tline-height: 36px;\t\t\tcolor: #111111;\t\t\tmargin-bottom: 2px;\t\t\tletter-spacing: 0px;\t\t\">\r\n\t\t\t\r\n\t\t<\/h2>\t\r\n\t\t\t\t\t\r\n\t\t\r\n\r\n\t<\/div><div class=\"vc_btn3-container vc_btn3-inline vc_custom_1664288726170\" ><a class=\"vc_general vc_btn3 vc_btn3-size-md vc_btn3-shape-rounded vc_btn3-style-modern vc_btn3-color-grey\" href=\"http:\/\/ppgeco.unb.br\/wp-content\/uploads\/2022\/09\/Cronograma-aluno-especial-2022-2.pdf\" title=\"www.ppgeco.unb.br\" target=\"_blank\">Timeline<\/a><\/div><div class=\"vc_btn3-container vc_btn3-inline vc_custom_1666710534820\" ><a class=\"vc_general vc_btn3 vc_btn3-size-md vc_btn3-shape-rounded vc_btn3-style-modern vc_btn3-color-grey\" href=\"http:\/\/ppgeco.unb.br\/wp-content\/uploads\/2022\/10\/LISTA_DE_OFERTA_2-2022-ESPECIAIS-1-2.pdf\" title=\"www.ppgeco.unb.br\" target=\"_blank\">Course List<\/a><\/div><div class=\"vc_btn3-container vc_btn3-inline vc_custom_1667215337012\" ><a class=\"vc_general vc_btn3 vc_btn3-size-md vc_btn3-shape-rounded vc_btn3-style-modern vc_btn3-color-grey\" href=\"http:\/\/ppgeco.unb.br\/wp-content\/uploads\/2022\/10\/Resultado-Alunos-especiais-2022.2.pdf\" title=\"\" target=\"_blank\">Result of requests (10\/31\/2022)<\/a><\/div><div class=\"vc_btn3-container vc_btn3-inline vc_custom_1667914382149\" ><a class=\"vc_general vc_btn3 vc_btn3-size-md vc_btn3-shape-rounded vc_btn3-style-modern vc_btn3-color-grey\" href=\"http:\/\/ppgeco.unb.br\/wp-content\/uploads\/2022\/11\/Resultado-Final-alunos-especiais.pdf\" title=\"\" target=\"_blank\">Final Result (11\/08\/2022)<\/a><\/div><\/div><\/div><\/div><\/div><div class=\"vc_row wpb_row vc_row-fluid themesflat_1777693417\"><div class=\"row_overlay\" style=\"\"><\/div><div class=\"wpb_column vc_column_container vc_col-sm-12\"><div class=\"vc_column-inner\"><div class=\"wpb_wrapper\"><div class=\"title-section   left\">\r\n\t\t\r\n\t\t\t<div class=\"top-title\">\r\n\t\t\t\tFirst Semester 2022\/1\r\n\t\t\t<\/div>\r\n\t\t<h2 class=\"title\" style=\"\t\t\tfont-size: 36px;\t\t\tfont-weight: 700;\t\t\tline-height: 36px;\t\t\tcolor: #111111;\t\t\tmargin-bottom: 2px;\t\t\tletter-spacing: 0px;\t\t\">\r\n\t\t\t\r\n\t\t<\/h2>\t\r\n\t\t\t\t\t\r\n\t\t\r\n\r\n\t<\/div><div class=\"vc_btn3-container vc_btn3-inline vc_custom_1653482443832\" ><a class=\"vc_general vc_btn3 vc_btn3-size-md vc_btn3-shape-rounded vc_btn3-style-modern vc_btn3-color-grey\" href=\"http:\/\/ppgeco.unb.br\/wp-content\/uploads\/2022\/05\/Cronograma-aluno-especial-2022-1-3.pdf\" title=\"\" target=\"_blank\">Timeline<\/a><\/div><div class=\"vc_btn3-container vc_btn3-inline vc_custom_1652960514319\" ><a class=\"vc_general vc_btn3 vc_btn3-size-md vc_btn3-shape-rounded vc_btn3-style-modern vc_btn3-color-grey\" href=\"http:\/\/ppgeco.unb.br\/wp-content\/uploads\/2022\/05\/Lista-de-oferta-alunos-especiais-1.2022-5.pdf\" title=\"\" target=\"_blank\">Course List<\/a><\/div><div class=\"vc_btn3-container vc_btn3-inline vc_custom_1655119324496\" ><a class=\"vc_general vc_btn3 vc_btn3-size-md vc_btn3-shape-rounded vc_btn3-style-modern vc_btn3-color-grey\" href=\"http:\/\/ppgeco.unb.br\/wp-content\/uploads\/2022\/06\/Resultado-Alunos-especiais.pdf\" title=\"\" target=\"_blank\">Result of requests (06\/13\/2022)<\/a><\/div><div class=\"vc_btn3-container vc_btn3-inline vc_custom_1655599776223\" ><a class=\"vc_general vc_btn3 vc_btn3-size-md vc_btn3-shape-rounded vc_btn3-style-modern vc_btn3-color-grey\" href=\"http:\/\/ppgeco.unb.br\/wp-content\/uploads\/2022\/06\/Resultado-Final-Alunos-especiais-2022-1-1.pdf\" title=\"\" target=\"_blank\">Final Result (06\/18\/2022)<\/a><\/div><\/div><\/div><\/div><\/div><div class=\"vc_row wpb_row vc_row-fluid themesflat_1777693417\"><div class=\"row_overlay\" style=\"\"><\/div><div class=\"wpb_column vc_column_container vc_col-sm-12\"><div class=\"vc_column-inner\"><div class=\"wpb_wrapper\"><div class=\"title-section   left\">\r\n\t\t\r\n\t\t\t<div class=\"top-title\">\r\n\t\t\t\tSecond Semester 2021\/2\r\n\t\t\t<\/div>\r\n\t\t<h2 class=\"title\" style=\"\t\t\tfont-size: 36px;\t\t\tfont-weight: 700;\t\t\tline-height: 36px;\t\t\tcolor: #111111;\t\t\tmargin-bottom: 2px;\t\t\tletter-spacing: 0px;\t\t\">\r\n\t\t\t\r\n\t\t<\/h2>\t\r\n\t\t\t\t\t\r\n\t\t\r\n\r\n\t<\/div><div class=\"vc_btn3-container vc_btn3-inline vc_custom_1639054945226\" ><a class=\"vc_general vc_btn3 vc_btn3-size-md vc_btn3-shape-rounded vc_btn3-style-modern vc_btn3-color-grey\" href=\"http:\/\/economia.unb.br\/images\/Pos_Graduacao\/Alunosespeciais\/2021-2\/Cronograma_aluno_especial_2021-2.pdf\" title=\"\">Timeline<\/a><\/div><div class=\"vc_btn3-container vc_btn3-inline vc_custom_1639054963697\" ><a class=\"vc_general vc_btn3 vc_btn3-size-md vc_btn3-shape-rounded vc_btn3-style-modern vc_btn3-color-grey\" href=\"http:\/\/economia.unb.br\/images\/Pos_Graduacao\/Alunosespeciais\/2021-2\/LISTA_DE_OFERTA_2-2021_ESPECIAIS.pdf\" title=\"\">Course List<\/a><\/div><div class=\"vc_btn3-container vc_btn3-inline vc_custom_1643051655392\" ><a class=\"vc_general vc_btn3 vc_btn3-size-md vc_btn3-shape-rounded vc_btn3-style-modern vc_btn3-color-grey\" href=\"http:\/\/economia.unb.br\/images\/Pos_Graduacao\/Alunosespeciais\/2021-2\/Resultado_Alunos_especiais.pdf\" title=\"\">Result of requests (01\/24\/2022)<\/a><\/div><div class=\"vc_btn3-container vc_btn3-inline vc_custom_1643300569698\" ><a class=\"vc_general vc_btn3 vc_btn3-size-md vc_btn3-shape-rounded vc_btn3-style-modern vc_btn3-color-grey\" href=\"http:\/\/ppgeco.unb.br\/wp-content\/uploads\/2022\/01\/Resultado-Final-Alunos-especiais-2021-2.pdf\" title=\"\">Final Result (01\/27\/2022)<\/a><\/div><\/div><\/div><\/div><\/div><div class=\"vc_row wpb_row vc_row-fluid themesflat_1777693417\"><div class=\"row_overlay\" style=\"\"><\/div><div class=\"wpb_column vc_column_container vc_col-sm-12\"><div class=\"vc_column-inner\"><div class=\"wpb_wrapper\"><div class=\"title-section   left\">\r\n\t\t\r\n\t\t\t<div class=\"top-title\">\r\n\t\t\t\tFirst Semester 2021\/1\r\n\t\t\t<\/div>\r\n\t\t<h2 class=\"title\" style=\"\t\t\tfont-size: 36px;\t\t\tfont-weight: 700;\t\t\tline-height: 36px;\t\t\tcolor: #111111;\t\t\tmargin-bottom: 2px;\t\t\tletter-spacing: 0px;\t\t\">\r\n\t\t\t\r\n\t\t<\/h2>\t\r\n\t\t\t\t\t\r\n\t\t\r\n\r\n\t<\/div><div class=\"vc_btn3-container vc_btn3-inline vc_custom_1639055448844\" ><a class=\"vc_general vc_btn3 vc_btn3-size-md vc_btn3-shape-rounded vc_btn3-style-modern vc_btn3-color-grey\" href=\"http:\/\/economia.unb.br\/images\/Pos_Graduacao\/Alunosespeciais\/2021-1\/Cronograma_aluno_especial___1___1_.pdf\" title=\"\">Timeline<\/a><\/div><div class=\"vc_btn3-container vc_btn3-inline vc_custom_1639055457054\" ><a class=\"vc_general vc_btn3 vc_btn3-size-md vc_btn3-shape-rounded vc_btn3-style-modern vc_btn3-color-grey\" href=\"http:\/\/economia.unb.br\/images\/Pos_Graduacao\/Alunosespeciais\/2021-1\/LISTA_DE_OFERTA_alunos_especiais__12021.pdf\" title=\"\">Course List<\/a><\/div><div class=\"vc_btn3-container vc_btn3-inline vc_custom_1639055469398\" ><a class=\"vc_general vc_btn3 vc_btn3-size-md vc_btn3-shape-rounded vc_btn3-style-modern vc_btn3-color-grey\" href=\"http:\/\/economia.unb.br\/images\/Pos_Graduacao\/Alunosespeciais\/2021-1\/homologao.pdf\" title=\"\">Result of requests<\/a><\/div><div class=\"vc_btn3-container vc_btn3-inline vc_custom_1639055493486\" ><a class=\"vc_general vc_btn3 vc_btn3-size-md vc_btn3-shape-rounded vc_btn3-style-modern vc_btn3-color-grey\" href=\"http:\/\/economia.unb.br\/images\/Pos_Graduacao\/Alunosespeciais\/2021-1\/Resultado_Final_Alunos_Especiais.pdf\" title=\"\">Final Result (07\/29\/2021)<\/a><\/div><\/div><\/div><\/div><\/div><div class=\"vc_row wpb_row vc_row-fluid themesflat_1777693417\"><div class=\"row_overlay\" style=\"\"><\/div><div class=\"wpb_column vc_column_container vc_col-sm-12\"><div class=\"vc_column-inner\"><div class=\"wpb_wrapper\"><div class=\"title-section   left\">\r\n\t\t\r\n\t\t\t<div class=\"top-title\">\r\n\t\t\t\tYear 2020\/2021 - Second Semester 2020\/2\r\n\t\t\t<\/div>\r\n\t\t<h2 class=\"title\" style=\"\t\t\tfont-size: 36px;\t\t\tfont-weight: 700;\t\t\tline-height: 36px;\t\t\tcolor: #111111;\t\t\tmargin-bottom: 2px;\t\t\tletter-spacing: 0px;\t\t\">\r\n\t\t\t\r\n\t\t<\/h2>\t\r\n\t\t\t\t\t\r\n\t\t\r\n\r\n\t<\/div><div class=\"vc_btn3-container vc_btn3-inline vc_custom_1639055540095\" ><a class=\"vc_general vc_btn3 vc_btn3-size-md vc_btn3-shape-rounded vc_btn3-style-modern vc_btn3-color-grey\" href=\"http:\/\/economia.unb.br\/images\/Pos_Graduacao\/Alunosespeciais\/2020-2\/Cronograma.pdf\" title=\"\">Timeline<\/a><\/div><div class=\"vc_btn3-container vc_btn3-inline vc_custom_1639055549001\" ><a class=\"vc_general vc_btn3 vc_btn3-size-md vc_btn3-shape-rounded vc_btn3-style-modern vc_btn3-color-grey\" href=\"http:\/\/economia.unb.br\/images\/Pos_Graduacao\/Alunosespeciais\/2020-2\/LISTA_DE_OFERTA_2_2020_Aluno_especial.pdf\" title=\"\">Course List<\/a><\/div><div class=\"vc_btn3-container vc_btn3-inline vc_custom_1639055581393\" ><a class=\"vc_general vc_btn3 vc_btn3-size-md vc_btn3-shape-rounded vc_btn3-style-modern vc_btn3-color-grey\" href=\"http:\/\/economia.unb.br\/images\/Pos_Graduacao\/Alunosespeciais\/2020-2\/Alunos_especiais.pdf\" title=\"\">Result of requests<\/a><\/div><\/div><\/div><\/div><\/div><div class=\"vc_row wpb_row vc_row-fluid themesflat_1777693417\"><div class=\"row_overlay\" style=\"\"><\/div><div class=\"wpb_column vc_column_container vc_col-sm-12\"><div class=\"vc_column-inner\"><div class=\"wpb_wrapper\"><div class=\"title-section   left\">\r\n\t\t\r\n\t\t\t<div class=\"top-title\">\r\n\t\t\t\tYear 2020 - First Semester 2020\/1\r\n\t\t\t<\/div>\r\n\t\t<h2 class=\"title\" style=\"\t\t\tfont-size: 36px;\t\t\tfont-weight: 700;\t\t\tline-height: 36px;\t\t\tcolor: #111111;\t\t\tmargin-bottom: 2px;\t\t\tletter-spacing: 0px;\t\t\">\r\n\t\t\t\r\n\t\t<\/h2>\t\r\n\t\t\t\t\t\r\n\t\t\r\n\r\n\t<\/div><div class=\"vc_btn3-container vc_btn3-inline vc_custom_1639055609412\" ><a class=\"vc_general vc_btn3 vc_btn3-size-md vc_btn3-shape-rounded vc_btn3-style-modern vc_btn3-color-grey\" href=\"http:\/\/economia.unb.br\/images\/Pos_Graduacao\/Alunosespeciais\/Cronograma.pdf\" title=\"\">Timeline<\/a><\/div><div class=\"vc_btn3-container vc_btn3-inline vc_custom_1639055630483\" ><a class=\"vc_general vc_btn3 vc_btn3-size-md vc_btn3-shape-rounded vc_btn3-style-modern vc_btn3-color-grey\" href=\"http:\/\/economia.unb.br\/images\/Pos_Graduacao\/Alunosespeciais\/Resultado_alunos_especiais.pdf\" title=\"\">Result of requests<\/a><\/div><\/div><\/div><\/div><\/div>","protected":false},"excerpt":{"rendered":"Solicita\u00e7\u00f5es de Matr\u00edcula Alunos Especiais e Lista de Oferta Segundo Semestre 2025\/2 Edital 2025\/2Lista de OfertaResultado das solicita\u00e7\u00f5es (18\/08)Resultado Final Primeiro Semestre 2025\/1 CronogramaLista de OfertaResultado das solicita\u00e7\u00f5es (19\/03)Resultado Final (24\/03) Segundo Semestre 2024\/2 CronogramaLista de OfertaResultado das solicita\u00e7\u00f5es (04\/10\/2024)Resultado Final (14\/10\/2024) Primeiro Semestre 2024\/1 CronogramaLista de OfertaResultado das solicita\u00e7\u00f5es (11\/03\/2024)Resultado Final (14\/03\/24) Primeiro Semestre 2023\/2 CronogramaLista [...]","protected":false},"author":1,"featured_media":0,"parent":2525,"menu_order":0,"comment_status":"closed","ping_status":"closed","template":"tpl\/page_fullwidth.php","meta":{"footnotes":""},"class_list":["post-2556","page","type-page","status-publish","hentry"],"_links":{"self":[{"href":"https:\/\/ppgeco.unb.br\/en\/wp-json\/wp\/v2\/pages\/2556","targetHints":{"allow":["GET"]}}],"collection":[{"href":"https:\/\/ppgeco.unb.br\/en\/wp-json\/wp\/v2\/pages"}],"about":[{"href":"https:\/\/ppgeco.unb.br\/en\/wp-json\/wp\/v2\/types\/page"}],"author":[{"embeddable":true,"href":"https:\/\/ppgeco.unb.br\/en\/wp-json\/wp\/v2\/users\/1"}],"replies":[{"embeddable":true,"href":"https:\/\/ppgeco.unb.br\/en\/wp-json\/wp\/v2\/comments?post=2556"}],"version-history":[{"count":65,"href":"https:\/\/ppgeco.unb.br\/en\/wp-json\/wp\/v2\/pages\/2556\/revisions"}],"predecessor-version":[{"id":4306,"href":"https:\/\/ppgeco.unb.br\/en\/wp-json\/wp\/v2\/pages\/2556\/revisions\/4306"}],"up":[{"embeddable":true,"href":"https:\/\/ppgeco.unb.br\/en\/wp-json\/wp\/v2\/pages\/2525"}],"wp:attachment":[{"href":"https:\/\/ppgeco.unb.br\/en\/wp-json\/wp\/v2\/media?parent=2556"}],"curies":[{"name":"wp","href":"https:\/\/api.w.org\/{rel}","templated":true}]}}