{"id":2544,"date":"2021-12-09T12:37:19","date_gmt":"2021-12-09T12:37:19","guid":{"rendered":"https:\/\/ppgeco.unb.br\/?page_id=2544"},"modified":"2025-02-17T13:41:35","modified_gmt":"2025-02-17T13:41:35","slug":"orientacoes-para-ingresso","status":"publish","type":"page","link":"https:\/\/ppgeco.unb.br\/en\/aluno-especial\/orientacoes-para-ingresso\/","title":{"rendered":"Admission guideline (PT)"},"content":{"rendered":"<div class=\"vc_row wpb_row vc_row-fluid themesflat_1777562670\"><div class=\"row_overlay\" style=\"\"><\/div><div class=\"wpb_column vc_column_container vc_col-sm-12\"><div class=\"vc_column-inner\"><div class=\"wpb_wrapper\"><div class=\"title-section   left\">\r\n\t\t\r\n\t\t\t<div class=\"top-title\">\r\n\t\t\t\tAdmission guideline (PT)\r\n\t\t\t<\/div>\r\n\t\t<h2 class=\"title\" style=\"\t\t\tfont-size: 36px;\t\t\tfont-weight: 700;\t\t\tline-height: 36px;\t\t\tcolor: #111111;\t\t\tmargin-bottom: 2px;\t\t\tletter-spacing: 0px;\t\t\">\r\n\t\t\tGENERAL INSTRUCTIONS FOR ADMISSION AS A SPECIAL POSTGRADUATE STUDENT\r\n\t\t<\/h2>\t\r\n\t\t\t\t\t\r\n\t\t\r\n\r\n\t<\/div><\/div><\/div><\/div><\/div><div class=\"vc_row wpb_row vc_row-fluid themesflat_1777562670\"><div class=\"row_overlay\" style=\"\"><\/div><div class=\"wpb_column vc_column_container vc_col-sm-12\"><div class=\"vc_column-inner\"><div class=\"wpb_wrapper\">\n\t<div class=\"wpb_text_column wpb_content_element\" >\n\t\t<div class=\"wpb_wrapper\">\n\t\t\t<h3><strong>1. DEFINITION<\/strong><\/h3>\n<p>The way in which UnB admits the entry of students interested in taking isolated courses, without establishing a link with any undergraduate or graduate course of the Institution.<\/p>\n<h3><strong>2. APPLICATION\u00a0<\/strong><\/h3>\n<p>Holder of a higher education diploma.<\/p>\n<h3><strong>3. REQUEST<\/strong><\/h3>\n<p>The candidate must access the website\u00a0<span style=\"color: #0000ff;\"><a style=\"color: #0000ff;\" href=\"https:\/\/inscricaoposgraduacao.unb.br\/\">https:\/\/inscricaoposgraduacao.unb.br\/<\/a>\u00a0<\/span>register and then access the system using your username and password. Then, the page \u201cEdicts with open enrollment\u201d will appear. The candidate must click on PPG Economics \u2013 Selection for Special Student in Economics \u2013 complete the application including the requested documentation.<\/p>\n<p style=\"padding-left: 40px;\">3.1. Applications will be received exclusively through the website.\u00a0<span style=\"color: #0000ff;\"><a style=\"color: #0000ff;\" href=\"https:\/\/inscricaoposgraduacao.unb.br\/\">https:\/\/inscricaoposgraduacao.unb.br\/<\/a><\/span>.<\/p>\n<p style=\"padding-left: 40px;\">3.2. Per\u00edodo de inscri\u00e7\u00e3o:<a href=\"https:\/\/ppgeco.unb.br\/en\/aluno-especial\/solicitacoes-de-matricula-alunos-especiais-e-lista-de-oferta\/\"> Conforme cronograma disponibilizado<\/a>.<\/p>\n<p style=\"padding-left: 40px;\">3.3. Submitted documents must be scanned in PDF format, clearly legible and in correct orientation. Documents that are not in PDF format, photos, illegible, inverted or with a scanning error will be disregarded.<strong>\u00a0<\/strong> The candidate will receive an acknowledgment of receipt message.<\/p>\n<h3 style=\"padding-left: 40px;\">THE ORIGINAL DOCUMENTS OR AUTHENTICATED AT NOTICES MUST BE SCANNED. COPIES OF DOCUMENTS WILL NOT BE ACCEPTED.<\/h3>\n<p style=\"padding-left: 40px;\">3.4. DOCUMENTS FOR REGISTRATION<\/p>\n<p style=\"padding-left: 80px;\">3.4.1. The \u201cApplication for Admission as a Special Student in Graduate Studies\u201d form duly completed and signed. The disciplines can be consulted in the \u201coffer list\u201d menu. The form and the offer list are available on the website\u00a0<span style=\"color: #0000ff;\"><a style=\"color: #0000ff;\" href=\"https:\/\/ppgeco.unb.br\/en\/aluno-especial\/\" target=\"_blank\" rel=\"noopener\">www.ppgeco.unb.br<\/a><\/span>.<\/p>\n<p style=\"padding-left: 80px;\">3.4.2. Higher Diploma;<\/p>\n<p style=\"padding-left: 80px;\">3.4.3. Academic Transcript of the Higher Course;<\/p>\n<p style=\"padding-left: 80px;\">3.4.4. ID card;<\/p>\n<p style=\"padding-left: 80px;\">3.4.5. CPF;<\/p>\n<p style=\"padding-left: 80px;\">3.4.6. Certid\u00e3o de quita\u00e7\u00e3o eleitoral emitida pelo site do Tribunal Superior Eleitoral \u2013 TSE ( <a href=\"https:\/\/www.tse.jus.br\/#\/\">https:\/\/www.tse.jus.br\/#\/<\/a>);<\/p>\n<p style=\"padding-left: 80px;\">3.4.8. Reservist Certificate (male);<\/p>\n<p style=\"padding-left: 80px;\">3.4.9. Curr\u00edculo Lattes<a href=\"https:\/\/lattes.cnpq.br\/\"> (emitidos pela plataforma CNPq)<\/a>;<\/p>\n<p style=\"padding-left: 80px;\">3.4.10. Original proof of registration fee in the amount of\u00a0<strong>R$ 79.00 (seventy-nine reais);<\/strong><\/p>\n<p style=\"padding-left: 40px;\">3.5. The servers of the University of Bras\u00edlia will be able to replace the proof of payment with the updated document that proves the link with the University. They are: updated job sheet, last paycheck of the month or term of office (for new servers).<\/p>\n<p style=\"padding-left: 40px;\">3.6. Candidates who already have enrollment for Special students: In the fields that request personal documents, diploma and transcript may be replaced by the declaration issued by the Academic Administration Secretariat \u2013 SAA, which contains the subjects already taken and the enrollment number. The declaration can be obtained from SAA (saaatendimento@unb.br). The Application form, curriculum vitae and proof of application fee are mandatory.<\/p>\n<p style=\"padding-left: 40px;\">3.7. When you receive the response that the documentation has been received, it does not mean that it has been accepted, only that it has been received. It is the applicant&#039;s obligation, not the secretary&#039;s, to check if any documents are missing.<\/p>\n<h3><strong>4. SUBJECTS<\/strong><\/h3>\n<p>Each candidate may choose up to two of the courses offered.<\/p>\n<h3><strong>\u00a05. PAYMENT OF THE REGISTRATION FEE<\/strong><\/h3>\n<p>Payment of the registration fee, in the amount of R$ 79.00 (seventy-nine reais) will be made exclusively through GRU (Union Collection Guide):<\/p>\n<p style=\"padding-left: 40px;\">\u00a05.1. Union Collection Guide (GRU)<\/p>\n<p style=\"padding-left: 40px;\">Available at:\u00a0<a href=\"https:\/\/pagtesouro.tesouro.gov.br\/portal-gru\/#\/emissao-gru\" target=\"_blank\" rel=\"noopener\"><span style=\"color: #0000ff;\">https:\/\/consulta.tesouro.fazenda.gov.br\/gru\/gru_simples.asp<\/span><\/a><\/p>\n<ul>\n<li style=\"list-style-type: none;\">\n<ul>\n<li>Management Unit: 154040<\/li>\n<li>Management: 15257 \u2013 University of Bras\u00edlia Foundation<\/li>\n<li>Collection Code: 28838-1 - Studies and Research Services<\/li>\n<li>Then click \"Next\",  and insert the Reference Number.<\/li>\n<li>Reference Number: 4441\u00a0<strong>(Must be informed, as this number corresponds to the Graduate Program in Economics).<\/strong><\/li>\n<li>Date: Insert current month and year<\/li>\n<li>Due Date: Insert current date<\/li>\n<li>CNPJ or CPF of the Taxpayer: inform the candidate's CPF of the candidate<\/li>\n<li>Taxpayer Name: Enter candidate name<\/li>\n<li>Principal amount and total amount: R$ 79.00 (seventy-nine reais). <strong>If the candidate's application is accepted<\/strong>, you must pay R$ 113 (one hundred and thirteen reais) per credit.<\/li>\n<li>The registration and credit fee will not be refunded under any circumstances (except in the situation cited in item 9, where only credit fees are refunded).<\/li>\n<\/ul>\n<\/li>\n<\/ul>\n<p style=\"padding-left: 40px;\"><strong>Important: Candidates should save the original proofs of payment for registration and enrollment, as they can be requested if necessary.<\/strong><\/p>\n<h3><strong>\u00a0<\/strong><strong>6. <a href=\"https:\/\/ppgeco.unb.br\/en\/aluno-especial\/solicitacoes-de-matricula-alunos-especiais-e-lista-de-oferta\/\" target=\"_blank\" rel=\"noopener\">CRONOGRAMA\u00a0<\/a><\/strong><\/h3>\n<p><strong>\u00a0Must be accompanied.\u00a0<\/strong><\/p>\n<p><strong>ATTENTION: It is the candidate&#039;s obligation to observe the schedule deadlines, as the results will be published on the website\u00a0<\/strong><a href=\"https:\/\/ppgeco.unb.br\/en\/aluno-especial\/solicitacoes-de-matricula-alunos-especiais-e-lista-de-oferta\/\"><span style=\"color: #0000ff;\"><strong>www.ppgeco.unb.br<\/strong><\/span><\/a><strong><span style=\"color: #0000ff;\">\u00a0<\/span>or at the secretariat of the Graduate Program in Economics. The secretariat does not send communications via email to selected students.<\/strong><\/p>\n<h3><strong>7. RESULT\u00a0<\/strong><\/h3>\n<p><strong>\u00a0<\/strong>After analyzing the requests, it will be published exclusively on the website\u00a0<a href=\"https:\/\/ppgeco.unb.br\/en\/aluno-especial\/solicitacoes-de-matricula-alunos-especiais-e-lista-de-oferta\/\" target=\"_blank\" rel=\"noopener\"><span style=\"color: #0000ff;\">www.ppgeco.unb.br<\/span>,<\/a> \u201cSpecial Students\u201d menu, the list with the names of the candidates who had their requests accepted.<\/p>\n<p>These candidates must pay the registration fee in the amount of\u00a0<strong>R$ 113.00<\/strong><strong> (one hundred and thirteen reais) per credit of the subject(s)<\/strong>, in the form specified in item 5.1 and attach the original voucher in the field determined by the system\u00a0<span style=\"color: #0000ff;\"><a style=\"color: #0000ff;\" href=\"https:\/\/inscricaoposgraduacao.unb.br\/\">https:\/\/inscricaoposgraduacao.unb.br<\/a><\/span>\u00a0.<\/p>\n<p>Example: If the course has 4 (four) credits, the candidate must pay R$ 452.00 (four hundred and fifty-two reais).<\/p>\n<h3>IMPORTANT: The system will close after 17:59:00 on the last day of registration. Outdated documents will not be received at the secretariat, under any circumstances.<\/h3>\n<h3><strong>8. CLASSES<\/strong><strong>\u00a0<\/strong><\/h3>\n<p>While waiting for the requests to be analyzed, candidates may attend classes and inform the professor of the discipline that they are a candidate for a special student and are awaiting the disclosure of the final result.<\/p>\n<h3><strong>9. RETURN OF FEES\u00a0<\/strong><strong>\u00a0<\/strong><\/h3>\n<p>The application fee will not be refunded under any circumstances. The credit fee will only be refunded when the teacher of the subject chosen by the candidate withdraws from teaching it. Therefore, we ask candidates to be convinced of their availability to take the desired subject(s).<\/p>\n\n\t\t<\/div>\n\t<\/div>\n\r\n\t\t<div class=\"themesflat-spacer\" data-desktop=\"90\" data-mobile=\"40\" data-smobile=\"30\">\t\t\t\r\n\t\t<\/div><\/div><\/div><\/div><\/div>","protected":false},"excerpt":{"rendered":"Admission Guidelines GENERAL ADMISSION INSTRUCTIONS AS A SPECIAL POST-GRADUATE STUDENT 1. DEFINITION The way in which UnB admits students interested in studying isolated disciplines, without being linked to any undergraduate or postgraduate course at the Institution. 2. APPLICATION Holder of a higher education diploma. 3. APPLICATION Candidates must access the [...]","protected":false},"author":1,"featured_media":0,"parent":2525,"menu_order":0,"comment_status":"closed","ping_status":"closed","template":"tpl\/page_fullwidth.php","meta":{"footnotes":""},"class_list":["post-2544","page","type-page","status-publish","hentry"],"_links":{"self":[{"href":"https:\/\/ppgeco.unb.br\/en\/wp-json\/wp\/v2\/pages\/2544","targetHints":{"allow":["GET"]}}],"collection":[{"href":"https:\/\/ppgeco.unb.br\/en\/wp-json\/wp\/v2\/pages"}],"about":[{"href":"https:\/\/ppgeco.unb.br\/en\/wp-json\/wp\/v2\/types\/page"}],"author":[{"embeddable":true,"href":"https:\/\/ppgeco.unb.br\/en\/wp-json\/wp\/v2\/users\/1"}],"replies":[{"embeddable":true,"href":"https:\/\/ppgeco.unb.br\/en\/wp-json\/wp\/v2\/comments?post=2544"}],"version-history":[{"count":15,"href":"https:\/\/ppgeco.unb.br\/en\/wp-json\/wp\/v2\/pages\/2544\/revisions"}],"predecessor-version":[{"id":4201,"href":"https:\/\/ppgeco.unb.br\/en\/wp-json\/wp\/v2\/pages\/2544\/revisions\/4201"}],"up":[{"embeddable":true,"href":"https:\/\/ppgeco.unb.br\/en\/wp-json\/wp\/v2\/pages\/2525"}],"wp:attachment":[{"href":"https:\/\/ppgeco.unb.br\/en\/wp-json\/wp\/v2\/media?parent=2544"}],"curies":[{"name":"wp","href":"https:\/\/api.w.org\/{rel}","templated":true}]}}