{"id":2525,"date":"2021-12-07T13:09:29","date_gmt":"2021-12-07T13:09:29","guid":{"rendered":"https:\/\/ppgeco.unb.br\/?page_id=2525"},"modified":"2025-07-18T12:19:45","modified_gmt":"2025-07-18T12:19:45","slug":"aluno-especial","status":"publish","type":"page","link":"https:\/\/ppgeco.unb.br\/en\/aluno-especial\/","title":{"rendered":"Non-degree Students"},"content":{"rendered":"<div class=\"vc_row wpb_row vc_row-fluid themesflat_1777268013\"><div class=\"row_overlay\" style=\"\"><\/div><div class=\"wpb_column vc_column_container vc_col-sm-12\"><div class=\"vc_column-inner\"><div class=\"wpb_wrapper\"><div class=\"title-section   left\">\r\n\t\t\r\n\t\t\t<div class=\"top-title\">\r\n\t\t\t\tNon-degree Students\r\n\t\t\t<\/div>\r\n\t\t<h2 class=\"title\" style=\"\t\t\tfont-size: 36px;\t\t\tfont-weight: 700;\t\t\tline-height: 36px;\t\t\tcolor: #111111;\t\t\tmargin-bottom: 2px;\t\t\tletter-spacing: 0px;\t\t\">\r\n\t\t\tGeneral Admission Instructions for non-degree students\r\n\t\t<\/h2>\t\r\n\t\t\t\t\t\r\n\t\t\r\n\r\n\t<\/div><div class=\"vc_btn3-container vc_btn3-inline vc_custom_1752841179095\" ><a class=\"vc_general vc_btn3 vc_btn3-size-md vc_btn3-shape-rounded vc_btn3-style-modern vc_btn3-color-primary\" href=\"https:\/\/saa.unb.br\/images\/documentos\/graduacao\/formularios\/Novos_Formularios\/Formulario_Admissao_Aluno_Especial_UnB.pdf\" title=\"\">Formul\u00e1rio (2025\/2)<\/a><\/div><div class=\"vc_btn3-container vc_btn3-inline vc_custom_1643052454055\" ><a class=\"vc_general vc_btn3 vc_btn3-size-md vc_btn3-shape-rounded vc_btn3-style-modern vc_btn3-color-primary\" href=\"https:\/\/ppgeco.unb.br\/en\/aluno-especial\/orientacoes-para-ingresso\/\" title=\"Admission guideline (PT)\">Admission guideline (PT)<\/a><\/div><div class=\"vc_btn3-container vc_btn3-inline vc_custom_1643052463876\" ><a class=\"vc_general vc_btn3 vc_btn3-size-md vc_btn3-shape-rounded vc_btn3-style-modern vc_btn3-color-primary\" href=\"https:\/\/ppgeco.unb.br\/en\/aluno-especial\/solicitacoes-de-matricula-alunos-especiais-e-lista-de-oferta\/\" title=\"\">Course list and Requesting enrollment (PT)<\/a><\/div><\/div><\/div><\/div><\/div><div class=\"vc_row wpb_row vc_row-fluid themesflat_1777268013\"><div class=\"row_overlay\" style=\"\"><\/div><div class=\"wpb_column vc_column_container vc_col-sm-12\"><div class=\"vc_column-inner\"><div class=\"wpb_wrapper\"><div class=\"title-section   left\">\r\n\t\t\r\n\t\t<h2 class=\"title\" style=\"\t\t\tfont-size: 36px;\t\t\tfont-weight: 700;\t\t\tline-height: 36px;\t\t\tcolor: #111111;\t\t\tmargin-bottom: 2px;\t\t\tletter-spacing: 0px;\t\t\">\r\n\t\t\t\r\n\t\t<\/h2>\t\r\n\t\t\t\t\t\r\n\t\t\r\n\t\t\t<div class=\"title-content\" style=\"\t\t\tfont-size: 15px;\t\t\tline-height: 26px;\t\t\tcolor: #999999;\t\t\tfont-weight: 400;\t\t\tletter-spacing: 0px;\t\t\">\r\n\t\t\t\t<p><strong>1. Definition<\/strong><\/p>\n<p>This is how UnB admits students interested in studying one-off courses without formally being admitted into any of the course's undergraduate programs.<\/p>\n<p><strong>2. Application<\/strong><\/p>\n<p>\u00b7 Students with a Higher Education diploma.<\/p>\n<p>\u00b7 Regular students enrolled in the last year of their higher education course, entitled to admission by compulsory transfer, in accordance with current legislation.<\/p>\n<p>\u00b7 Regular students from a different Higher Education Institution.<\/p>\n<p>\u00b7 Interested parties whose diploma is undergoing the revalidation process at UnB.<\/p>\n<p><strong>3. Key Points<\/strong><\/p>\n<p>\u00b7 Applications to enrollment in courses depends on the number of vacancies after the enrollment process of regular students.<\/p>\n<p>\u00b7 The non-degree undergraduate students may attend a maximum total of eight undergraduate courses. Their stay at UnB under this condition is limited to two regular academic periods, consecutive or not. The provisions of this item do not apply to non-degree undergraduate students who are undergoing a diploma revalidation process.<\/p>\n<p>\u00b7 Non-degree students can enroll in restricted courses only after the express agreement of the departmental committee.<\/p>\n<p>\u00b7 Information about restricted courses is available on the \"course list\", which should be used by candidates to choose their desired course.<\/p>\n<p>\u00b7 Failed or abandoned course will be considered when calculating the maximum total of courses taken and maximum number of academic periods.<\/p>\n<p>\u00b7 Non-degree students will not be able to use the benefit of general or partial withdrawal from a course.<\/p>\n<p>\u00b7 Admissions occur twice a year.<\/p>\n<p>\u00b7 For each non-degree admission request, the candidate must pay the admission fee relative to the analysis of the request. This fee does not ensure enrollment in the requested courses.<\/p>\n<p>\u00b7 The admission fee will not be refundable under any circumstances.<\/p>\n<p>\u00b7 Fees per credit will only be charged on enrollment, after verifying that the request was accepted and that there are vacancies.<\/p>\n<p>\u00b7 Non-degree students are not part of the regular program, and as such, they do not receive student IDs or any of the following benefits: accommodation, scholarships, and food assistance for meals at the university restaurant.<\/p>\n<p>\u00b7 The Board of Academic Administration (DAA) will issue a non-degree student statement for the purpose of obtaining a student public transport pass.<\/p>\n<p>\u00b7 Non-degree students must fulfill the same requirements as regular students as set out in the course design.<\/p>\n<p>\u00b7 As provided in section IV art. 125, paragraph IV of the UnB General By-laws, non-degree students will receive a warning on their first absence, and on the second absence, will have their enrollment terminated.<\/p>\n<p>\u00b7 Ten years after taking the maximum number of courses as a non-degree student, individuals can re-apply to take more courses as non-degree students.<\/p>\n<p>\u00b7 Non-degree students receive a declaration of having taken courses in this modality. The declaration will identify all the courses taken and whether they passed or failed, with the respective course load and grades.<\/p>\n<p>\u00b7 When a non-degree students enters the program as a regular student within a maximum period of three years, they receive automatic approval of all courses taken. After three years, the academic unit responsible for offering the course will analyze whether the credits can be approved.<\/p>\n<p>\u00b7 Documents from a foreign country must be translated into Portuguese and have its authenticity proved by the Brazilian consulate of the issuing country. Translation is not necessary for documents in Spanish.<\/p>\n<p>\u00b7 Regular UnB undergraduate or graduate students cannot be enrolled as non-degree students.<\/p>\n<p><strong>4. Request<\/strong><\/p>\n<p><strong>4.1 Period<\/strong><\/p>\n<p><a href=\"https:\/\/ppgeco.unb.br\/en\/aluno-especial\/solicitacoes-de-matricula-alunos-especiais-e-lista-de-oferta\/\">Estabelecido no cronograma do Programa.\u00a0<\/a><\/p>\n<p><strong>4.2 Procedures<\/strong><\/p>\n<p><a href=\"https:\/\/ppgeco.unb.br\/en\/orientacoes-para-ingresso-ae\/\">Admission guideline (PT)<\/a><\/p>\n<p><strong>5. Analysis<\/strong><\/p>\n<p><strong>5.1 Person responsible<\/strong><\/p>\n<p>\u00b7 Departmental Committee.<\/p>\n<p><strong>5.2 Criteria<\/strong><\/p>\n<p>\u00b7 Verification of the \u201dStatement of Reasons\".<\/p>\n<p>\u00b7 Verification of the student's academic situation.<\/p>\n<p>\u00b7 Verification of required documentation.<\/p>\n<p>\u00b7 Vacancies available, after completing the regular student enrollment process is finished.<\/p>\n<p>\u00b7 In case there are more candidates than vacancies, priority will be given to the candidate with the best academic transcript.<\/p>\n<p><strong>6. Result<\/strong><\/p>\n<p><strong>6.1 Registration<\/strong><\/p>\n<p>\u00b7 Students' personal data will be registered and become part of the non-degree student registration.<\/p>\n<p>\u00b7 The system will include data relating to the chosen courses, enrolling the student.<\/p>\n<p><strong>6.2 Notification of students<\/strong><\/p>\n<p>\u00b7\u00a0\u00a0\u00a0Mediante comparecimento ao Departamento respons\u00e1vel pela oferta das disciplinas, na \u00e9poca prevista no \u201cCalend\u00e1rio do Programa\u201d.<\/p>\n<p>\u00b7 REQUEST ACCEPTED: For student's to enroll, they must pay the semester fee corresponding to the number of credits of the accepted courses.<\/p>\n<p>\u00b7 REQUEST REJECTED: Two weeks after the rejection is notified, all the student's documentation will be discarded.<\/p>\n<p><strong>7. Basic Legislation:<\/strong><\/p>\n<p>CEPE 080\/2021<\/p>\n<p><strong>8.Payment Methods<\/strong><\/p>\n<p class=\"Default\"><strong>\u00a0Payment of registration fee<\/strong><\/p>\n<p><strong>\u00a0Payment of the registration fee, in the amount of R$ 79.00 (seventy-nine reais) will be made exclusively through GRU (Union Collection Guide):<\/strong><\/p>\n<p><strong>\u00a0Available at: <a href=\"https:\/\/pagtesouro.tesouro.gov.br\/portal-gru\/#\/emissao-gru\" target=\"_blank\" rel=\"noopener\">https:\/\/consulta.tesouro.fazenda.gov.br\/gru\/gru_simples.asp<\/a><\/strong><\/p>\n<ul>\n<li>Management Unit: 154040<\/li>\n<li>Management: 15257 \u2013 University of Bras\u00edlia Foundation<\/li>\n<li>Collection Code: 28838-1 - Studies and Research Services<\/li>\n<li>Then click \"Next\",  and insert the Reference Number.<\/li>\n<li>Reference Number: 4441\u00a0<strong>(Must be informed, as this number corresponds to the Graduate Program in Economics).<\/strong><\/li>\n<li>Date: Insert current month and year<\/li>\n<li>Due Date: Insert current date<\/li>\n<li>CNPJ or CPF of the Taxpayer: inform the candidate's CPF of the candidate<\/li>\n<li>Taxpayer Name: Enter candidate name<\/li>\n<li>Principal amount and total amount: R$ 79.00 (seventy-nine reais). <strong>If the candidate's application is accepted<\/strong>, you must pay R$ 113 (one hundred and thirteen reais) per credit.<\/li>\n<li>The registration and credit fee will not be refunded under any circumstances (except in the situation cited in item 9, where only credit fees are refunded).<\/li>\n<\/ul>\n<p><strong>Payment of Credits\u00a0<\/strong><\/p>\n<p>After the result, candidates with whose registration has been accepted must pay the enrollment fee in the amount of\u00a0<strong>R$ 113.00<\/strong><strong> (one hundred and thirteen reais) per credit of the subject(s)<\/strong>. <a href=\"https:\/\/inscricaoposgraduacao.unb.br\/\">https:\/\/inscricaoposgraduacao.unb.br<\/a> .<\/p>\n<p>Example: If the course has 4 (four) credits, the candidate must pay R$ 452.00 (four hundred and fifty-two reais).<\/p>\n<p><strong>\u00a0Important: Candidates should save the original proofs of payment for registration and enrollment, as they can be requested if necessary.<\/strong><\/p>\n\r\n\t\t\t<\/div>\r\n\r\n\t<\/div><\/div><\/div><\/div><\/div>","protected":false},"excerpt":{"rendered":"Aluno Especial Instru\u00e7\u00f5es Gerais de Admiss\u00e3o como Aluno Especial Formul\u00e1rio (2025\/2)Orienta\u00e7\u00f5es para IngressoLista de Oferta e Solicita\u00e7\u00f5es de Matricula 1. Defini\u00e7\u00e3o Forma pela qual a UnB admite o ingresso de aluno interessado em cursar disciplinas isoladas, sem constituir v\u00ednculo com qualquer curso de gradua\u00e7\u00e3o da Institui\u00e7\u00e3o. 2. Aplica\u00e7\u00e3o \u00b7\u00a0\u00a0\u00a0Portadores de diploma de curso superior. \u00b7\u00a0\u00a0\u00a0Alunos regulares matriculados [...]","protected":false},"author":1,"featured_media":0,"parent":0,"menu_order":0,"comment_status":"closed","ping_status":"closed","template":"tpl\/page_fullwidth.php","meta":{"footnotes":""},"class_list":["post-2525","page","type-page","status-publish","hentry"],"_links":{"self":[{"href":"https:\/\/ppgeco.unb.br\/en\/wp-json\/wp\/v2\/pages\/2525","targetHints":{"allow":["GET"]}}],"collection":[{"href":"https:\/\/ppgeco.unb.br\/en\/wp-json\/wp\/v2\/pages"}],"about":[{"href":"https:\/\/ppgeco.unb.br\/en\/wp-json\/wp\/v2\/types\/page"}],"author":[{"embeddable":true,"href":"https:\/\/ppgeco.unb.br\/en\/wp-json\/wp\/v2\/users\/1"}],"replies":[{"embeddable":true,"href":"https:\/\/ppgeco.unb.br\/en\/wp-json\/wp\/v2\/comments?post=2525"}],"version-history":[{"count":26,"href":"https:\/\/ppgeco.unb.br\/en\/wp-json\/wp\/v2\/pages\/2525\/revisions"}],"predecessor-version":[{"id":4285,"href":"https:\/\/ppgeco.unb.br\/en\/wp-json\/wp\/v2\/pages\/2525\/revisions\/4285"}],"wp:attachment":[{"href":"https:\/\/ppgeco.unb.br\/en\/wp-json\/wp\/v2\/media?parent=2525"}],"curies":[{"name":"wp","href":"https:\/\/api.w.org\/{rel}","templated":true}]}}