{"id":2265,"date":"2021-11-14T11:58:19","date_gmt":"2021-11-14T11:58:19","guid":{"rendered":"https:\/\/ppgeco.unb.br\/?page_id=2265"},"modified":"2021-11-14T13:42:22","modified_gmt":"2021-11-14T13:42:22","slug":"tomasmartinez","status":"publish","type":"page","link":"https:\/\/ppgeco.unb.br\/en\/corpo-docente\/tomasmartinez\/","title":{"rendered":"Prof. Dr. Tomas Rodriguez Martinez"},"content":{"rendered":"<div class=\"vc_row wpb_row vc_row-fluid themesflat_1525661778\"><div class=\"row_overlay\" style=\"\"><\/div><div class=\"wpb_column vc_column_container vc_col-sm-12\"><div class=\"vc_column-inner\"><div class=\"wpb_wrapper\"><div class=\"vc_row wpb_row vc_inner vc_row-fluid\"><div class=\"wpb_column vc_column_container vc_col-sm-4\"><div class=\"vc_column-inner\"><div class=\"wpb_wrapper\">\n\t<div  class=\"wpb_single_image wpb_content_element vc_align_left  wpb_animate_when_almost_visible wpb_fadeIn fadeIn vc_custom_1636897340255\">\n\t\t\n\t\t<figure class=\"wpb_wrapper vc_figure\">\n\t\t\t<a class=\"\" data-lightbox=\"lightbox[rel-2265-2867200663]\" href=\"https:\/\/ppgeco.unb.br\/wp-content\/uploads\/2021\/11\/Tomas-Martinez-1024x825.png\" target=\"_self\"><img loading=\"lazy\" decoding=\"async\" width=\"1280\" height=\"1031\" src=\"https:\/\/ppgeco.unb.br\/wp-content\/uploads\/2021\/11\/Tomas-Martinez.png\" class=\"vc_single_image-img attachment-full\" alt=\"\" srcset=\"https:\/\/ppgeco.unb.br\/wp-content\/uploads\/2021\/11\/Tomas-Martinez.png 1280w, https:\/\/ppgeco.unb.br\/wp-content\/uploads\/2021\/11\/Tomas-Martinez-300x242.png 300w, https:\/\/ppgeco.unb.br\/wp-content\/uploads\/2021\/11\/Tomas-Martinez-1024x825.png 1024w, https:\/\/ppgeco.unb.br\/wp-content\/uploads\/2021\/11\/Tomas-Martinez-768x619.png 768w\" sizes=\"auto, (max-width: 1280px) 100vw, 1280px\" \/><\/a>\n\t\t<\/figure>\n\t<\/div>\n<\/div><\/div><\/div><div class=\"wpb_column vc_column_container vc_col-sm-8\"><div class=\"vc_column-inner\"><div class=\"wpb_wrapper\"><div class=\"vc_btn3-container vc_btn3-inline vc_custom_1636890989059\" ><a class=\"vc_general vc_btn3 vc_btn3-size-md vc_btn3-shape-rounded vc_btn3-style-modern vc_btn3-icon-left vc_btn3-color-grey\" href=\"http:\/\/lattes.cnpq.br\/6662574583708081\" title=\"\" target=\"_blank\"><i class=\"vc_btn3-icon fas fa-university\"><\/i> lattes<\/a><\/div><div class=\"vc_btn3-container vc_btn3-inline vc_custom_1636891049458\" ><a class=\"vc_general vc_btn3 vc_btn3-size-md vc_btn3-shape-rounded vc_btn3-style-modern vc_btn3-icon-left vc_btn3-color-grey\" href=\"mailto:tomas.martinez@unb.br\" title=\"\" target=\"_blank\"><i class=\"vc_btn3-icon fas fa-envelope\"><\/i> Contact: tomas.martinez@unb.br<\/a><\/div><div class=\"vc_btn3-container vc_btn3-inline vc_custom_1636891060059\" ><a class=\"vc_general vc_btn3 vc_btn3-size-md vc_btn3-shape-rounded vc_btn3-style-modern vc_btn3-icon-left vc_btn3-color-grey\" href=\"https:\/\/tomasrm.github.io\/\" title=\"\" target=\"_blank\"><i class=\"vc_btn3-icon far fa-hand-pointer\"><\/i> Web site<\/a><\/div><div class=\"title-section   left\">\r\n\t\t\r\n\t\t\t<div class=\"top-title\">\r\n\t\t\t\tProf. Dr. Tomas Rodriguez Martinez\r\n\t\t\t<\/div>\r\n\t\t<h2 class=\"title\" style=\"\t\t\tfont-size: 20px;\t\t\tfont-weight: 500;\t\t\tline-height: 32px;\t\t\tcolor: #111111;\t\t\tmargin-bottom: 2px;\t\t\tletter-spacing: 0px;\t\t\">\r\n\t\t\tEducation and main areas of research\r\n\t\t<\/h2>\t\r\n\t\t<div class=\"title-line\"><\/div>\t\t\t\r\n\t\t\r\n\r\n\t<\/div>\n\t<div class=\"wpb_text_column wpb_content_element  wpb_animate_when_almost_visible wpb_left-to-right left-to-right\" >\n\t\t<div class=\"wpb_wrapper\">\n\t\t\t<ul class=\"primary-list\">\n<li>PhD \u2013 Universidad Carlos III de Madrid (Spain)<\/li>\n<li>\n<div><span lang=\"PT-BR\">Macroeconomics<\/span><\/div>\n<\/li>\n<li>\n<div><span lang=\"PT-BR\">Labour Economics<\/span><\/div>\n<\/li>\n<li>\n<div><span lang=\"PT-BR\">International trade<\/span><\/div>\n<\/li>\n<\/ul>\n<div><\/div>\n\n\t\t<\/div>\n\t<\/div>\n\r\n\t\t<div class=\"themesflat-spacer\" data-desktop=\"0\" data-mobile=\"30\" data-smobile=\"30\">\t\t\t\r\n\t\t<\/div><\/div><\/div><\/div><\/div>\r\n\t\t<div class=\"themesflat-spacer\" data-desktop=\"90\" data-mobile=\"40\" data-smobile=\"30\">\t\t\t\r\n\t\t<\/div><\/div><\/div><\/div><\/div>","protected":false},"excerpt":{"rendered":"Lattes Contato: tomas.martinez@unb.br Website Prof. Dr. Tom\u00e1s Rodriguez Martinez Forma\u00e7\u00e3o e principais \u00e1reas de pesquisa PhD - Universidad Carlos III de Madrid (Espanha) Macroeconomia Economia do Trabalho Com\u00e9rcio Internacional","protected":false},"author":1,"featured_media":0,"parent":594,"menu_order":0,"comment_status":"closed","ping_status":"closed","template":"tpl\/page_fullwidth.php","meta":{"footnotes":""},"class_list":["post-2265","page","type-page","status-publish","hentry"],"_links":{"self":[{"href":"https:\/\/ppgeco.unb.br\/en\/wp-json\/wp\/v2\/pages\/2265","targetHints":{"allow":["GET"]}}],"collection":[{"href":"https:\/\/ppgeco.unb.br\/en\/wp-json\/wp\/v2\/pages"}],"about":[{"href":"https:\/\/ppgeco.unb.br\/en\/wp-json\/wp\/v2\/types\/page"}],"author":[{"embeddable":true,"href":"https:\/\/ppgeco.unb.br\/en\/wp-json\/wp\/v2\/users\/1"}],"replies":[{"embeddable":true,"href":"https:\/\/ppgeco.unb.br\/en\/wp-json\/wp\/v2\/comments?post=2265"}],"version-history":[{"count":2,"href":"https:\/\/ppgeco.unb.br\/en\/wp-json\/wp\/v2\/pages\/2265\/revisions"}],"predecessor-version":[{"id":2275,"href":"https:\/\/ppgeco.unb.br\/en\/wp-json\/wp\/v2\/pages\/2265\/revisions\/2275"}],"up":[{"embeddable":true,"href":"https:\/\/ppgeco.unb.br\/en\/wp-json\/wp\/v2\/pages\/594"}],"wp:attachment":[{"href":"https:\/\/ppgeco.unb.br\/en\/wp-json\/wp\/v2\/media?parent=2265"}],"curies":[{"name":"wp","href":"https:\/\/api.w.org\/{rel}","templated":true}]}}