{"id":2224,"date":"2021-11-14T11:03:33","date_gmt":"2021-11-14T11:03:33","guid":{"rendered":"https:\/\/ppgeco.unb.br\/?page_id=2224"},"modified":"2021-11-14T14:13:09","modified_gmt":"2021-11-14T14:13:09","slug":"joseoreiro","status":"publish","type":"page","link":"https:\/\/ppgeco.unb.br\/en\/corpo-docente\/joseoreiro\/","title":{"rendered":"Prof. Dr. Jose Luis da Costa Oreiro"},"content":{"rendered":"<div class=\"vc_row wpb_row vc_row-fluid themesflat_1525661778\"><div class=\"row_overlay\" style=\"\"><\/div><div class=\"wpb_column vc_column_container vc_col-sm-12\"><div class=\"vc_column-inner\"><div class=\"wpb_wrapper\"><div class=\"vc_row wpb_row vc_inner vc_row-fluid\"><div class=\"wpb_column vc_column_container vc_col-sm-4\"><div class=\"vc_column-inner\"><div class=\"wpb_wrapper\">\n\t<div  class=\"wpb_single_image wpb_content_element vc_align_left  wpb_animate_when_almost_visible wpb_fadeIn fadeIn vc_custom_1636899082223\">\n\t\t\n\t\t<figure class=\"wpb_wrapper vc_figure\">\n\t\t\t<a class=\"\" data-lightbox=\"lightbox[rel-2224-1601562351]\" href=\"https:\/\/ppgeco.unb.br\/wp-content\/uploads\/2021\/11\/JoseLuisOureiro.jpg\" target=\"_self\"><img loading=\"lazy\" decoding=\"async\" width=\"620\" height=\"413\" src=\"https:\/\/ppgeco.unb.br\/wp-content\/uploads\/2021\/11\/JoseLuisOureiro.jpg\" class=\"vc_single_image-img attachment-full\" alt=\"\" srcset=\"https:\/\/ppgeco.unb.br\/wp-content\/uploads\/2021\/11\/JoseLuisOureiro.jpg 620w, https:\/\/ppgeco.unb.br\/wp-content\/uploads\/2021\/11\/JoseLuisOureiro-300x200.jpg 300w, https:\/\/ppgeco.unb.br\/wp-content\/uploads\/2021\/11\/JoseLuisOureiro-370x245.jpg 370w\" sizes=\"auto, (max-width: 620px) 100vw, 620px\" \/><\/a>\n\t\t<\/figure>\n\t<\/div>\n<\/div><\/div><\/div><div class=\"wpb_column vc_column_container vc_col-sm-8\"><div class=\"vc_column-inner\"><div class=\"wpb_wrapper\"><div class=\"vc_btn3-container vc_btn3-inline vc_custom_1636887680601\" ><a class=\"vc_general vc_btn3 vc_btn3-size-md vc_btn3-shape-rounded vc_btn3-style-modern vc_btn3-icon-left vc_btn3-color-grey\" href=\"http:\/\/lattes.cnpq.br\/3747519200935517\" title=\"\" target=\"_blank\"><i class=\"vc_btn3-icon fas fa-university\"><\/i> lattes<\/a><\/div><div class=\"vc_btn3-container vc_btn3-inline vc_custom_1636887695443\" ><a class=\"vc_general vc_btn3 vc_btn3-size-md vc_btn3-shape-rounded vc_btn3-style-modern vc_btn3-icon-left vc_btn3-color-grey\" href=\"mailto:joreiro@unb.br\" title=\"\" target=\"_blank\"><i class=\"vc_btn3-icon fas fa-envelope\"><\/i> Contact: joreiro@unb.br<\/a><\/div><div class=\"vc_btn3-container vc_btn3-inline vc_custom_1636899186820\" ><a class=\"vc_general vc_btn3 vc_btn3-size-md vc_btn3-shape-rounded vc_btn3-style-modern vc_btn3-icon-left vc_btn3-color-grey\" href=\"http:\/\/www.joseluisoreiro.com.br\" title=\"\" target=\"_blank\"><i class=\"vc_btn3-icon far fa-hand-pointer\"><\/i> Web site<\/a><\/div><div class=\"vc_btn3-container vc_btn3-inline vc_custom_1636899065218\" ><a class=\"vc_general vc_btn3 vc_btn3-size-md vc_btn3-shape-rounded vc_btn3-style-modern vc_btn3-icon-left vc_btn3-color-grey\" href=\"http:\/\/www.sdmrg.com.br\" title=\"\" target=\"_blank\"><i class=\"vc_btn3-icon far fa-hand-pointer\"><\/i> SDMRG<\/a><\/div><div class=\"title-section   left\">\r\n\t\t\r\n\t\t\t<div class=\"top-title\">\r\n\t\t\t\tProf. Dr. Jose Luis da Costa Oreiro\r\n\t\t\t<\/div>\r\n\t\t<h2 class=\"title\" style=\"\t\t\tfont-size: 20px;\t\t\tfont-weight: 500;\t\t\tline-height: 32px;\t\t\tcolor: #111111;\t\t\tmargin-bottom: 2px;\t\t\tletter-spacing: 0px;\t\t\">\r\n\t\t\tEducation and main areas of research\r\n\t\t<\/h2>\t\r\n\t\t<div class=\"title-line\"><\/div>\t\t\t\r\n\t\t\r\n\r\n\t<\/div>\n\t<div class=\"wpb_text_column wpb_content_element  wpb_animate_when_almost_visible wpb_left-to-right left-to-right\" >\n\t\t<div class=\"wpb_wrapper\">\n\t\t\t<ul class=\"primary-list\">\n<li>\n<div><span lang=\"PT-BR\">Doctor \u2013 Institute of Economics of the Federal University of Rio de Janeiro (UFRJ), Brazil.\u00a0<\/span><\/div>\n<\/li>\n<li>\n<div><span lang=\"PT-BR\">Macroeconomics<\/span><\/div>\n<\/li>\n<li>\n<div><span lang=\"PT-BR\">Income Growth and Distribution<\/span><\/div>\n<\/li>\n<li>\n<div class=\"translation-block\">Post-Keynesian\n Economics<\/div>\n<\/li>\n<\/ul>\n\n\t\t<\/div>\n\t<\/div>\n\r\n\t\t<div class=\"themesflat-spacer\" data-desktop=\"0\" data-mobile=\"30\" data-smobile=\"30\">\t\t\t\r\n\t\t<\/div><\/div><\/div><\/div><\/div>\r\n\t\t<div class=\"themesflat-spacer\" data-desktop=\"90\" data-mobile=\"40\" data-smobile=\"30\">\t\t\t\r\n\t\t<\/div><\/div><\/div><\/div><\/div>","protected":false},"excerpt":{"rendered":"Lattes Contato: joreiro@unb.br Website SDMRG Prof. Dr. Jos\u00e9 Lu\u00eds da Costa Oreiro Forma\u00e7\u00e3o e principais \u00e1reas de pesquisa Doutor - Instituto de Economia da UFRJ, Brasil\u00a0 Macroeconomia Crescimento e Distribui\u00e7\u00e3o de Renda Economia\u00a0P\u00f3s-Keynesiana.","protected":false},"author":1,"featured_media":0,"parent":594,"menu_order":0,"comment_status":"closed","ping_status":"closed","template":"tpl\/page_fullwidth.php","meta":{"footnotes":""},"class_list":["post-2224","page","type-page","status-publish","hentry"],"_links":{"self":[{"href":"https:\/\/ppgeco.unb.br\/en\/wp-json\/wp\/v2\/pages\/2224","targetHints":{"allow":["GET"]}}],"collection":[{"href":"https:\/\/ppgeco.unb.br\/en\/wp-json\/wp\/v2\/pages"}],"about":[{"href":"https:\/\/ppgeco.unb.br\/en\/wp-json\/wp\/v2\/types\/page"}],"author":[{"embeddable":true,"href":"https:\/\/ppgeco.unb.br\/en\/wp-json\/wp\/v2\/users\/1"}],"replies":[{"embeddable":true,"href":"https:\/\/ppgeco.unb.br\/en\/wp-json\/wp\/v2\/comments?post=2224"}],"version-history":[{"count":3,"href":"https:\/\/ppgeco.unb.br\/en\/wp-json\/wp\/v2\/pages\/2224\/revisions"}],"predecessor-version":[{"id":2289,"href":"https:\/\/ppgeco.unb.br\/en\/wp-json\/wp\/v2\/pages\/2224\/revisions\/2289"}],"up":[{"embeddable":true,"href":"https:\/\/ppgeco.unb.br\/en\/wp-json\/wp\/v2\/pages\/594"}],"wp:attachment":[{"href":"https:\/\/ppgeco.unb.br\/en\/wp-json\/wp\/v2\/media?parent=2224"}],"curies":[{"name":"wp","href":"https:\/\/api.w.org\/{rel}","templated":true}]}}