{"id":2213,"date":"2021-11-14T10:46:21","date_gmt":"2021-11-14T10:46:21","guid":{"rendered":"https:\/\/ppgeco.unb.br\/?page_id=2213"},"modified":"2021-11-14T14:08:19","modified_gmt":"2021-11-14T14:08:19","slug":"joanilioteixeira","status":"publish","type":"page","link":"https:\/\/ppgeco.unb.br\/en\/corpo-docente\/joanilioteixeira\/","title":{"rendered":"Prof. Dr. Joan\u00edlio Rodolpho Teixeira"},"content":{"rendered":"<div class=\"vc_row wpb_row vc_row-fluid themesflat_1525661778\"><div class=\"row_overlay\" style=\"\"><\/div><div class=\"wpb_column vc_column_container vc_col-sm-12\"><div class=\"vc_column-inner\"><div class=\"wpb_wrapper\"><div class=\"vc_row wpb_row vc_inner vc_row-fluid\"><div class=\"wpb_column vc_column_container vc_col-sm-4\"><div class=\"vc_column-inner\"><div class=\"wpb_wrapper\">\n\t<div  class=\"wpb_single_image wpb_content_element vc_align_left  wpb_animate_when_almost_visible wpb_fadeIn fadeIn vc_custom_1636886573697\">\n\t\t\n\t\t<figure class=\"wpb_wrapper vc_figure\">\n\t\t\t<div class=\"vc_single_image-wrapper vc_box_rounded  vc_box_border_grey\"><img decoding=\"async\" class=\"vc_img-placeholder vc_single_image-img\" src=\"https:\/\/ppgeco.unb.br\/wp-content\/plugins\/js_composer\/assets\/vc\/no_image.png\" \/><\/div>\n\t\t<\/figure>\n\t<\/div>\n<\/div><\/div><\/div><div class=\"wpb_column vc_column_container vc_col-sm-8\"><div class=\"vc_column-inner\"><div class=\"wpb_wrapper\"><div class=\"vc_btn3-container vc_btn3-inline vc_custom_1636898896414\" ><a class=\"vc_general vc_btn3 vc_btn3-size-md vc_btn3-shape-rounded vc_btn3-style-modern vc_btn3-icon-left vc_btn3-color-grey\" href=\"http:\/\/lattes.cnpq.br\/6160864343144486\" title=\"\" target=\"_blank\"><i class=\"vc_btn3-icon fas fa-university\"><\/i> lattes<\/a><\/div><div class=\"vc_btn3-container vc_btn3-inline vc_custom_1636886701626\" ><a class=\"vc_general vc_btn3 vc_btn3-size-md vc_btn3-shape-rounded vc_btn3-style-modern vc_btn3-icon-left vc_btn3-color-grey\" href=\"mailto:joanilioteixeira@hotmail.com\" title=\"\" target=\"_blank\"><i class=\"vc_btn3-icon fas fa-envelope\"><\/i> Contact: joanilioteixeira@hotmail.com<\/a><\/div><div class=\"title-section   left\">\r\n\t\t\r\n\t\t\t<div class=\"top-title\">\r\n\t\t\t\tProf. Dr. Joan\u00edlio Rodolpho Teixeira\r\n\t\t\t<\/div>\r\n\t\t<h2 class=\"title\" style=\"\t\t\tfont-size: 20px;\t\t\tfont-weight: 500;\t\t\tline-height: 32px;\t\t\tcolor: #111111;\t\t\tmargin-bottom: 2px;\t\t\tletter-spacing: 0px;\t\t\">\r\n\t\t\tEducation and main areas of research\r\n\t\t<\/h2>\t\r\n\t\t<div class=\"title-line\"><\/div>\t\t\t\r\n\t\t\r\n\r\n\t<\/div>\n\t<div class=\"wpb_text_column wpb_content_element  wpb_animate_when_almost_visible wpb_left-to-right left-to-right\" >\n\t\t<div class=\"wpb_wrapper\">\n\t\t\t<ul class=\"primary-list\">\n<li><span lang=\"EN-US\">PhD \u2013 University of Kent at Canterbury, England<\/span><\/li>\n<li>Post-Keynesian Models of Growth and Distribution<\/li>\n<li>Political Economy<\/li>\n<li>Dynamics of Structural Changes<\/li>\n<li>Economic Development<\/li>\n<li>Economic policy<\/li>\n<\/ul>\n\n\t\t<\/div>\n\t<\/div>\n\r\n\t\t<div class=\"themesflat-spacer\" data-desktop=\"0\" data-mobile=\"30\" data-smobile=\"30\">\t\t\t\r\n\t\t<\/div><\/div><\/div><\/div><\/div>\r\n\t\t<div class=\"themesflat-spacer\" data-desktop=\"90\" data-mobile=\"40\" data-smobile=\"30\">\t\t\t\r\n\t\t<\/div><\/div><\/div><\/div><\/div>","protected":false},"excerpt":{"rendered":"Lattes Contato: joanilioteixeira@hotmail.com Prof. Dr. Joan\u00edlio Rodolpho Teixeira Forma\u00e7\u00e3o e principais \u00e1reas de pesquisa PhD - University of Kent at Canterbury, Inglaterra Modelos P\u00f3s-Keynesianos de Crescimento e Distribui\u00e7\u00e3o Economia Pol\u00edtica Din\u00e2mica das Mudan\u00e7as Estruturais Desenvolvimento Econ\u00f4mico Pol\u00edtica Econ\u00f4mica","protected":false},"author":1,"featured_media":0,"parent":594,"menu_order":0,"comment_status":"closed","ping_status":"closed","template":"tpl\/page_fullwidth.php","meta":{"footnotes":""},"class_list":["post-2213","page","type-page","status-publish","hentry"],"_links":{"self":[{"href":"https:\/\/ppgeco.unb.br\/en\/wp-json\/wp\/v2\/pages\/2213","targetHints":{"allow":["GET"]}}],"collection":[{"href":"https:\/\/ppgeco.unb.br\/en\/wp-json\/wp\/v2\/pages"}],"about":[{"href":"https:\/\/ppgeco.unb.br\/en\/wp-json\/wp\/v2\/types\/page"}],"author":[{"embeddable":true,"href":"https:\/\/ppgeco.unb.br\/en\/wp-json\/wp\/v2\/users\/1"}],"replies":[{"embeddable":true,"href":"https:\/\/ppgeco.unb.br\/en\/wp-json\/wp\/v2\/comments?post=2213"}],"version-history":[{"count":2,"href":"https:\/\/ppgeco.unb.br\/en\/wp-json\/wp\/v2\/pages\/2213\/revisions"}],"predecessor-version":[{"id":2287,"href":"https:\/\/ppgeco.unb.br\/en\/wp-json\/wp\/v2\/pages\/2213\/revisions\/2287"}],"up":[{"embeddable":true,"href":"https:\/\/ppgeco.unb.br\/en\/wp-json\/wp\/v2\/pages\/594"}],"wp:attachment":[{"href":"https:\/\/ppgeco.unb.br\/en\/wp-json\/wp\/v2\/media?parent=2213"}],"curies":[{"name":"wp","href":"https:\/\/api.w.org\/{rel}","templated":true}]}}