{"id":2199,"date":"2021-11-13T20:12:12","date_gmt":"2021-11-13T20:12:12","guid":{"rendered":"https:\/\/ppgeco.unb.br\/?page_id=2199"},"modified":"2021-12-02T08:59:35","modified_gmt":"2021-12-02T08:59:35","slug":"marinarossi","status":"publish","type":"page","link":"https:\/\/ppgeco.unb.br\/en\/corpo-docente\/marinarossi\/","title":{"rendered":"Prof. Dr. Marina Delmondes de Carvalho Rossi"},"content":{"rendered":"<div class=\"vc_row wpb_row vc_row-fluid themesflat_1525661778\"><div class=\"row_overlay\" style=\"\"><\/div><div class=\"wpb_column vc_column_container vc_col-sm-12\"><div class=\"vc_column-inner\"><div class=\"wpb_wrapper\"><div class=\"vc_row wpb_row vc_inner vc_row-fluid\"><div class=\"wpb_column vc_column_container vc_col-sm-4\"><div class=\"vc_column-inner\"><div class=\"wpb_wrapper\">\n\t<div  class=\"wpb_single_image wpb_content_element vc_align_left  wpb_animate_when_almost_visible wpb_fadeIn fadeIn vc_custom_1638435573642\">\n\t\t\n\t\t<figure class=\"wpb_wrapper vc_figure\">\n\t\t\t<a class=\"\" data-lightbox=\"lightbox[rel-2199-1512405391]\" href=\"https:\/\/ppgeco.unb.br\/wp-content\/uploads\/2021\/12\/Face-UnB-4374-1-683x1024.jpg\" target=\"_self\"><img loading=\"lazy\" decoding=\"async\" width=\"1667\" height=\"2500\" src=\"https:\/\/ppgeco.unb.br\/wp-content\/uploads\/2021\/12\/Face-UnB-4374-1.jpg\" class=\"vc_single_image-img attachment-full\" alt=\"\" srcset=\"https:\/\/ppgeco.unb.br\/wp-content\/uploads\/2021\/12\/Face-UnB-4374-1.jpg 1667w, https:\/\/ppgeco.unb.br\/wp-content\/uploads\/2021\/12\/Face-UnB-4374-1-200x300.jpg 200w, https:\/\/ppgeco.unb.br\/wp-content\/uploads\/2021\/12\/Face-UnB-4374-1-683x1024.jpg 683w, https:\/\/ppgeco.unb.br\/wp-content\/uploads\/2021\/12\/Face-UnB-4374-1-768x1152.jpg 768w, https:\/\/ppgeco.unb.br\/wp-content\/uploads\/2021\/12\/Face-UnB-4374-1-1024x1536.jpg 1024w, https:\/\/ppgeco.unb.br\/wp-content\/uploads\/2021\/12\/Face-UnB-4374-1-1366x2048.jpg 1366w\" sizes=\"auto, (max-width: 1667px) 100vw, 1667px\" \/><\/a>\n\t\t<\/figure>\n\t<\/div>\n<\/div><\/div><\/div><div class=\"wpb_column vc_column_container vc_col-sm-8\"><div class=\"vc_column-inner\"><div class=\"wpb_wrapper\"><div class=\"vc_btn3-container vc_btn3-inline vc_custom_1636834255326\" ><a class=\"vc_general vc_btn3 vc_btn3-size-md vc_btn3-shape-rounded vc_btn3-style-modern vc_btn3-icon-left vc_btn3-color-grey\" href=\"http:\/\/lattes.cnpq.br\/5012868779700084\" title=\"\" target=\"_blank\"><i class=\"vc_btn3-icon fas fa-university\"><\/i> lattes<\/a><\/div><div class=\"vc_btn3-container vc_btn3-inline vc_custom_1636834272876\" ><a class=\"vc_general vc_btn3 vc_btn3-size-md vc_btn3-shape-rounded vc_btn3-style-modern vc_btn3-icon-left vc_btn3-color-grey\" href=\"mailto:marinadcrossi@gmail.com\" title=\"\" target=\"_blank\"><i class=\"vc_btn3-icon fas fa-envelope\"><\/i> Contact: marinadcrossi@gmail.com<\/a><\/div><div class=\"title-section   left\">\r\n\t\t\r\n\t\t\t<div class=\"top-title\">\r\n\t\t\t\tProf. Dr. Marina Delmondes de Carvalho Rossi\r\n\t\t\t<\/div>\r\n\t\t<h2 class=\"title\" style=\"\t\t\tfont-size: 20px;\t\t\tfont-weight: 500;\t\t\tline-height: 32px;\t\t\tcolor: #111111;\t\t\tmargin-bottom: 2px;\t\t\tletter-spacing: 0px;\t\t\">\r\n\t\t\tEducation and main areas of research\r\n\t\t<\/h2>\t\r\n\t\t<div class=\"title-line\"><\/div>\t\t\t\r\n\t\t\r\n\r\n\t<\/div>\n\t<div class=\"wpb_text_column wpb_content_element  wpb_animate_when_almost_visible wpb_left-to-right left-to-right\" >\n\t\t<div class=\"wpb_wrapper\">\n\t\t\t<ul class=\"primary-list\">\n<li>\n<div><span lang=\"PT-BR\">PhD \u2013 Yale University (USA)<\/span><\/div>\n<\/li>\n<li>\n<div><span lang=\"PT-BR\">Macroeconomics Models with Informational Frictions<\/span><\/div>\n<\/li>\n<li>\n<div><span lang=\"PT-BR\">Optimal Taxation and Welfare Economics<\/span><\/div>\n<\/li>\n<li>\n<div><span lang=\"PT-BR\">Economic theory<\/span><\/div>\n<\/li>\n<li>\n<div><span lang=\"PT-BR\">General Equilibrium Models<\/span><\/div>\n<\/li>\n<\/ul>\n\n\t\t<\/div>\n\t<\/div>\n\r\n\t\t<div class=\"themesflat-spacer\" data-desktop=\"0\" data-mobile=\"30\" data-smobile=\"30\">\t\t\t\r\n\t\t<\/div><\/div><\/div><\/div><\/div>\r\n\t\t<div class=\"themesflat-spacer\" data-desktop=\"90\" data-mobile=\"40\" data-smobile=\"30\">\t\t\t\r\n\t\t<\/div><\/div><\/div><\/div><\/div>","protected":false},"excerpt":{"rendered":"Lattes Contato: marinadcrossi@gmail.com Prof.\u00aa Dra. Marina Delmondes de Carvalho Rossi Forma\u00e7\u00e3o e principais \u00e1reas de pesquisa PhD - Yale University (EUA) Modelos de Macroeconomia com Problemas de Informa\u00e7\u00e3o Tributa\u00e7\u00e3o \u00d3tima e Economia do Bem-Estar Teoria Econ\u00f4mica Modelos de Equil\u00edbrio Geral","protected":false},"author":1,"featured_media":0,"parent":594,"menu_order":0,"comment_status":"closed","ping_status":"closed","template":"tpl\/page_fullwidth.php","meta":{"footnotes":""},"class_list":["post-2199","page","type-page","status-publish","hentry"],"_links":{"self":[{"href":"https:\/\/ppgeco.unb.br\/en\/wp-json\/wp\/v2\/pages\/2199","targetHints":{"allow":["GET"]}}],"collection":[{"href":"https:\/\/ppgeco.unb.br\/en\/wp-json\/wp\/v2\/pages"}],"about":[{"href":"https:\/\/ppgeco.unb.br\/en\/wp-json\/wp\/v2\/types\/page"}],"author":[{"embeddable":true,"href":"https:\/\/ppgeco.unb.br\/en\/wp-json\/wp\/v2\/users\/1"}],"replies":[{"embeddable":true,"href":"https:\/\/ppgeco.unb.br\/en\/wp-json\/wp\/v2\/comments?post=2199"}],"version-history":[{"count":5,"href":"https:\/\/ppgeco.unb.br\/en\/wp-json\/wp\/v2\/pages\/2199\/revisions"}],"predecessor-version":[{"id":2373,"href":"https:\/\/ppgeco.unb.br\/en\/wp-json\/wp\/v2\/pages\/2199\/revisions\/2373"}],"up":[{"embeddable":true,"href":"https:\/\/ppgeco.unb.br\/en\/wp-json\/wp\/v2\/pages\/594"}],"wp:attachment":[{"href":"https:\/\/ppgeco.unb.br\/en\/wp-json\/wp\/v2\/media?parent=2199"}],"curies":[{"name":"wp","href":"https:\/\/api.w.org\/{rel}","templated":true}]}}